{"id":99,"date":"2017-02-24T21:20:33","date_gmt":"2017-02-24T21:20:33","guid":{"rendered":"http:\/\/localhost\/easy_santa_web\/?page_id=99"},"modified":"2017-03-05T07:54:05","modified_gmt":"2017-03-05T07:54:05","slug":"contactanos","status":"publish","type":"page","link":"https:\/\/www.easysanta.com\/easy_santa_web\/es\/contactanos\/","title":{"rendered":"Cont\u00e1ctanos"},"content":{"rendered":"<h3><span style=\"color: #2ece5d;\">Soporte t\u00e9cnico<\/span><\/h3>\n<p>Por favor, contacta con nuestro soporte t\u00e9cnico.<\/p>\n<p><strong>support@easysanta.com<\/strong><\/p>\n<p>&nbsp;<\/p>\n<h3><span style=\"color: #2ece5d;\">Preguntas sobre la Pol\u00edtica de Privacidad<\/span><\/h3>\n<p>Si tienes preguntas sobre nuestra Pol\u00edtica de Privacidad, por favor cont\u00e1ctanos.<\/p>\n<p>&nbsp;<\/p>\n<h3><span style=\"color: #2ece5d;\">Consultas empresariales<\/span><\/h3>\n<p>Por favor, contacta con nuestro equipo de negocios.<\/p>\n<p><strong>business@easysanta.com<\/strong><\/p>\n<p>&nbsp;<\/p>\n<h3><span style=\"color: #2ece5d;\">Direcci\u00f3n corporativa<\/span><\/h3>\n<p>Easy Santa<\/p>\n","protected":false},"excerpt":{"rendered":"<p>Soporte t\u00e9cnico Por favor, contacta con nuestro soporte t\u00e9cnico. support@easysanta.com &nbsp; Preguntas sobre la Pol\u00edtica de Privacidad Si tienes preguntas sobre nuestra Pol\u00edtica de Privacidad, por favor cont\u00e1ctanos. &nbsp; Consultas empresariales Por favor, contacta&#46;&#46;&#46;<\/p>\n","protected":false},"author":1,"featured_media":0,"parent":0,"menu_order":0,"comment_status":"closed","ping_status":"closed","template":"templates\/full-width-page.php","meta":{"_exactmetrics_skip_tracking":false,"_exactmetrics_sitenote_active":false,"_exactmetrics_sitenote_note":"","_exactmetrics_sitenote_category":0,"footnotes":""},"class_list":["post-99","page","type-page","status-publish","hentry"],"yoast_head":"<!-- This site is optimized with the Yoast SEO plugin v27.3 - https:\/\/yoast.com\/product\/yoast-seo-wordpress\/ -->\n<title>Cont\u00e1ctanos - Amigos invisibles - Easy Secret Santa<\/title>\n<meta name=\"robots\" content=\"index, follow, max-snippet:-1, max-image-preview:large, max-video-preview:-1\" \/>\n<link rel=\"canonical\" href=\"https:\/\/www.easysanta.com\/easy_santa_web\/es\/contactanos\/\" \/>\n<meta property=\"og:locale\" content=\"es_ES\" \/>\n<meta property=\"og:type\" content=\"article\" \/>\n<meta property=\"og:title\" content=\"Cont\u00e1ctanos - Amigos invisibles - Easy Secret Santa\" \/>\n<meta property=\"og:description\" content=\"Soporte t\u00e9cnico Por favor, contacta con nuestro soporte t\u00e9cnico. support@easysanta.com &nbsp; Preguntas sobre la Pol\u00edtica de Privacidad Si tienes preguntas sobre nuestra Pol\u00edtica de Privacidad, por favor cont\u00e1ctanos. &nbsp; Consultas empresariales Por favor, contacta&#046;&#046;&#046;\" \/>\n<meta property=\"og:url\" content=\"https:\/\/www.easysanta.com\/easy_santa_web\/es\/contactanos\/\" \/>\n<meta property=\"og:site_name\" content=\"Amigos invisibles - Easy Secret Santa\" \/>\n<meta property=\"article:publisher\" content=\"https:\/\/www.facebook.com\/easysanta\/\" \/>\n<meta property=\"article:modified_time\" content=\"2017-03-05T07:54:05+00:00\" \/>\n<meta name=\"twitter:card\" content=\"summary_large_image\" \/>\n<meta name=\"twitter:site\" content=\"@easysanta\" \/>\n<script type=\"application\/ld+json\" class=\"yoast-schema-graph\">{\"@context\":\"https:\\\/\\\/schema.org\",\"@graph\":[{\"@type\":\"WebPage\",\"@id\":\"https:\\\/\\\/www.easysanta.com\\\/easy_santa_web\\\/es\\\/contactanos\\\/\",\"url\":\"https:\\\/\\\/www.easysanta.com\\\/easy_santa_web\\\/es\\\/contactanos\\\/\",\"name\":\"Cont\u00e1ctanos - Amigos invisibles - Easy Secret Santa\",\"isPartOf\":{\"@id\":\"https:\\\/\\\/www.easysanta.com\\\/easy_santa_web\\\/#website\"},\"datePublished\":\"2017-02-24T21:20:33+00:00\",\"dateModified\":\"2017-03-05T07:54:05+00:00\",\"breadcrumb\":{\"@id\":\"https:\\\/\\\/www.easysanta.com\\\/easy_santa_web\\\/es\\\/contactanos\\\/#breadcrumb\"},\"inLanguage\":\"es\",\"potentialAction\":[{\"@type\":\"ReadAction\",\"target\":[\"https:\\\/\\\/www.easysanta.com\\\/easy_santa_web\\\/es\\\/contactanos\\\/\"]}]},{\"@type\":\"BreadcrumbList\",\"@id\":\"https:\\\/\\\/www.easysanta.com\\\/easy_santa_web\\\/es\\\/contactanos\\\/#breadcrumb\",\"itemListElement\":[{\"@type\":\"ListItem\",\"position\":1,\"name\":\"Portada\",\"item\":\"https:\\\/\\\/www.easysanta.com\\\/easy_santa_web\\\/es\\\/easy-santa-sorteos-amigos-invisibles-navidad\\\/\"},{\"@type\":\"ListItem\",\"position\":2,\"name\":\"Cont\u00e1ctanos\"}]},{\"@type\":\"WebSite\",\"@id\":\"https:\\\/\\\/www.easysanta.com\\\/easy_santa_web\\\/#website\",\"url\":\"https:\\\/\\\/www.easysanta.com\\\/easy_santa_web\\\/\",\"name\":\"Amigos invisibles - Easy Secret Santa\",\"description\":\"La App de los Amigos Invisibles o Amigos Secretos\",\"publisher\":{\"@id\":\"https:\\\/\\\/www.easysanta.com\\\/easy_santa_web\\\/#organization\"},\"potentialAction\":[{\"@type\":\"SearchAction\",\"target\":{\"@type\":\"EntryPoint\",\"urlTemplate\":\"https:\\\/\\\/www.easysanta.com\\\/easy_santa_web\\\/?s={search_term_string}\"},\"query-input\":{\"@type\":\"PropertyValueSpecification\",\"valueRequired\":true,\"valueName\":\"search_term_string\"}}],\"inLanguage\":\"es\"},{\"@type\":\"Organization\",\"@id\":\"https:\\\/\\\/www.easysanta.com\\\/easy_santa_web\\\/#organization\",\"name\":\"Easy Santa\",\"url\":\"https:\\\/\\\/www.easysanta.com\\\/easy_santa_web\\\/\",\"logo\":{\"@type\":\"ImageObject\",\"inLanguage\":\"es\",\"@id\":\"https:\\\/\\\/www.easysanta.com\\\/easy_santa_web\\\/#\\\/schema\\\/logo\\\/image\\\/\",\"url\":\"https:\\\/\\\/www.easysanta.com\\\/easy_santa_web\\\/wp-content\\\/uploads\\\/2017\\\/02\\\/easysanta-logo-con-letras-carita-verde-tama\u00f1o-reducido.png\",\"contentUrl\":\"https:\\\/\\\/www.easysanta.com\\\/easy_santa_web\\\/wp-content\\\/uploads\\\/2017\\\/02\\\/easysanta-logo-con-letras-carita-verde-tama\u00f1o-reducido.png\",\"width\":631,\"height\":256,\"caption\":\"Easy Santa\"},\"image\":{\"@id\":\"https:\\\/\\\/www.easysanta.com\\\/easy_santa_web\\\/#\\\/schema\\\/logo\\\/image\\\/\"},\"sameAs\":[\"https:\\\/\\\/www.facebook.com\\\/easysanta\\\/\",\"https:\\\/\\\/x.com\\\/easysanta\",\"https:\\\/\\\/www.youtube.com\\\/channel\\\/UC15F1jox2KI8B_Sh3PASdsA\"]}]}<\/script>\n<!-- \/ Yoast SEO plugin. -->","yoast_head_json":{"title":"Cont\u00e1ctanos - Amigos invisibles - Easy Secret Santa","robots":{"index":"index","follow":"follow","max-snippet":"max-snippet:-1","max-image-preview":"max-image-preview:large","max-video-preview":"max-video-preview:-1"},"canonical":"https:\/\/www.easysanta.com\/easy_santa_web\/es\/contactanos\/","og_locale":"es_ES","og_type":"article","og_title":"Cont\u00e1ctanos - Amigos invisibles - Easy Secret Santa","og_description":"Soporte t\u00e9cnico Por favor, contacta con nuestro soporte t\u00e9cnico. support@easysanta.com &nbsp; Preguntas sobre la Pol\u00edtica de Privacidad Si tienes preguntas sobre nuestra Pol\u00edtica de Privacidad, por favor cont\u00e1ctanos. &nbsp; Consultas empresariales Por favor, contacta&#46;&#46;&#46;","og_url":"https:\/\/www.easysanta.com\/easy_santa_web\/es\/contactanos\/","og_site_name":"Amigos invisibles - Easy Secret Santa","article_publisher":"https:\/\/www.facebook.com\/easysanta\/","article_modified_time":"2017-03-05T07:54:05+00:00","twitter_card":"summary_large_image","twitter_site":"@easysanta","schema":{"@context":"https:\/\/schema.org","@graph":[{"@type":"WebPage","@id":"https:\/\/www.easysanta.com\/easy_santa_web\/es\/contactanos\/","url":"https:\/\/www.easysanta.com\/easy_santa_web\/es\/contactanos\/","name":"Cont\u00e1ctanos - Amigos invisibles - Easy Secret Santa","isPartOf":{"@id":"https:\/\/www.easysanta.com\/easy_santa_web\/#website"},"datePublished":"2017-02-24T21:20:33+00:00","dateModified":"2017-03-05T07:54:05+00:00","breadcrumb":{"@id":"https:\/\/www.easysanta.com\/easy_santa_web\/es\/contactanos\/#breadcrumb"},"inLanguage":"es","potentialAction":[{"@type":"ReadAction","target":["https:\/\/www.easysanta.com\/easy_santa_web\/es\/contactanos\/"]}]},{"@type":"BreadcrumbList","@id":"https:\/\/www.easysanta.com\/easy_santa_web\/es\/contactanos\/#breadcrumb","itemListElement":[{"@type":"ListItem","position":1,"name":"Portada","item":"https:\/\/www.easysanta.com\/easy_santa_web\/es\/easy-santa-sorteos-amigos-invisibles-navidad\/"},{"@type":"ListItem","position":2,"name":"Cont\u00e1ctanos"}]},{"@type":"WebSite","@id":"https:\/\/www.easysanta.com\/easy_santa_web\/#website","url":"https:\/\/www.easysanta.com\/easy_santa_web\/","name":"Amigos invisibles - Easy Secret Santa","description":"La App de los Amigos Invisibles o Amigos Secretos","publisher":{"@id":"https:\/\/www.easysanta.com\/easy_santa_web\/#organization"},"potentialAction":[{"@type":"SearchAction","target":{"@type":"EntryPoint","urlTemplate":"https:\/\/www.easysanta.com\/easy_santa_web\/?s={search_term_string}"},"query-input":{"@type":"PropertyValueSpecification","valueRequired":true,"valueName":"search_term_string"}}],"inLanguage":"es"},{"@type":"Organization","@id":"https:\/\/www.easysanta.com\/easy_santa_web\/#organization","name":"Easy Santa","url":"https:\/\/www.easysanta.com\/easy_santa_web\/","logo":{"@type":"ImageObject","inLanguage":"es","@id":"https:\/\/www.easysanta.com\/easy_santa_web\/#\/schema\/logo\/image\/","url":"https:\/\/www.easysanta.com\/easy_santa_web\/wp-content\/uploads\/2017\/02\/easysanta-logo-con-letras-carita-verde-tama\u00f1o-reducido.png","contentUrl":"https:\/\/www.easysanta.com\/easy_santa_web\/wp-content\/uploads\/2017\/02\/easysanta-logo-con-letras-carita-verde-tama\u00f1o-reducido.png","width":631,"height":256,"caption":"Easy Santa"},"image":{"@id":"https:\/\/www.easysanta.com\/easy_santa_web\/#\/schema\/logo\/image\/"},"sameAs":["https:\/\/www.facebook.com\/easysanta\/","https:\/\/x.com\/easysanta","https:\/\/www.youtube.com\/channel\/UC15F1jox2KI8B_Sh3PASdsA"]}]}},"jetpack_likes_enabled":true,"jetpack_sharing_enabled":true,"_links":{"self":[{"href":"https:\/\/www.easysanta.com\/easy_santa_web\/wp-json\/wp\/v2\/pages\/99","targetHints":{"allow":["GET"]}}],"collection":[{"href":"https:\/\/www.easysanta.com\/easy_santa_web\/wp-json\/wp\/v2\/pages"}],"about":[{"href":"https:\/\/www.easysanta.com\/easy_santa_web\/wp-json\/wp\/v2\/types\/page"}],"author":[{"embeddable":true,"href":"https:\/\/www.easysanta.com\/easy_santa_web\/wp-json\/wp\/v2\/users\/1"}],"replies":[{"embeddable":true,"href":"https:\/\/www.easysanta.com\/easy_santa_web\/wp-json\/wp\/v2\/comments?post=99"}],"version-history":[{"count":8,"href":"https:\/\/www.easysanta.com\/easy_santa_web\/wp-json\/wp\/v2\/pages\/99\/revisions"}],"predecessor-version":[{"id":1190,"href":"https:\/\/www.easysanta.com\/easy_santa_web\/wp-json\/wp\/v2\/pages\/99\/revisions\/1190"}],"wp:attachment":[{"href":"https:\/\/www.easysanta.com\/easy_santa_web\/wp-json\/wp\/v2\/media?parent=99"}],"curies":[{"name":"wp","href":"https:\/\/api.w.org\/{rel}","templated":true}]}}