{"id":776,"date":"2020-02-09T22:02:48","date_gmt":"2020-02-09T22:02:48","guid":{"rendered":"http:\/\/www.easysanta.com\/easy_santa_web\/?page_id=776"},"modified":"2020-02-09T22:02:50","modified_gmt":"2020-02-09T22:02:50","slug":"donaciones","status":"publish","type":"page","link":"https:\/\/www.easysanta.com\/easy_santa_web\/es\/donaciones\/","title":{"rendered":"Donaciones"},"content":{"rendered":"\n<p>Ay\u00fadanos a mejorar la App con una peque\u00f1a donaci\u00f3n.<\/p>\n\n\n\n<div class='powr-paypal-button' id='c03b306d_1487712364'><\/div>\n","protected":false},"excerpt":{"rendered":"<p>Ay\u00fadanos a mejorar la App con una peque\u00f1a donaci\u00f3n.<\/p>\n","protected":false},"author":1,"featured_media":0,"parent":0,"menu_order":0,"comment_status":"closed","ping_status":"closed","template":"","meta":{"_exactmetrics_skip_tracking":false,"_exactmetrics_sitenote_active":false,"_exactmetrics_sitenote_note":"","_exactmetrics_sitenote_category":0,"footnotes":""},"class_list":["post-776","page","type-page","status-publish","hentry"],"yoast_head":"<!-- This site is optimized with the Yoast SEO plugin v27.3 - https:\/\/yoast.com\/product\/yoast-seo-wordpress\/ -->\n<title>Donaciones - Amigos invisibles - Easy Secret Santa<\/title>\n<meta name=\"robots\" content=\"index, follow, max-snippet:-1, max-image-preview:large, max-video-preview:-1\" \/>\n<link rel=\"canonical\" href=\"https:\/\/www.easysanta.com\/easy_santa_web\/es\/donaciones\/\" \/>\n<meta property=\"og:locale\" content=\"es_ES\" \/>\n<meta property=\"og:type\" content=\"article\" \/>\n<meta property=\"og:title\" content=\"Donaciones - Amigos invisibles - Easy Secret Santa\" \/>\n<meta property=\"og:description\" content=\"Ay\u00fadanos a mejorar la App con una peque\u00f1a donaci\u00f3n.\" \/>\n<meta property=\"og:url\" content=\"https:\/\/www.easysanta.com\/easy_santa_web\/es\/donaciones\/\" \/>\n<meta property=\"og:site_name\" content=\"Amigos invisibles - Easy Secret Santa\" \/>\n<meta property=\"article:publisher\" content=\"https:\/\/www.facebook.com\/easysanta\/\" \/>\n<meta property=\"article:modified_time\" content=\"2020-02-09T22:02:50+00:00\" \/>\n<meta name=\"twitter:card\" content=\"summary_large_image\" \/>\n<meta name=\"twitter:site\" content=\"@easysanta\" \/>\n<script type=\"application\/ld+json\" class=\"yoast-schema-graph\">{\"@context\":\"https:\\\/\\\/schema.org\",\"@graph\":[{\"@type\":\"WebPage\",\"@id\":\"https:\\\/\\\/www.easysanta.com\\\/easy_santa_web\\\/es\\\/donaciones\\\/\",\"url\":\"https:\\\/\\\/www.easysanta.com\\\/easy_santa_web\\\/es\\\/donaciones\\\/\",\"name\":\"Donaciones - Amigos invisibles - Easy Secret Santa\",\"isPartOf\":{\"@id\":\"https:\\\/\\\/www.easysanta.com\\\/easy_santa_web\\\/#website\"},\"datePublished\":\"2020-02-09T22:02:48+00:00\",\"dateModified\":\"2020-02-09T22:02:50+00:00\",\"breadcrumb\":{\"@id\":\"https:\\\/\\\/www.easysanta.com\\\/easy_santa_web\\\/es\\\/donaciones\\\/#breadcrumb\"},\"inLanguage\":\"es\",\"potentialAction\":[{\"@type\":\"ReadAction\",\"target\":[\"https:\\\/\\\/www.easysanta.com\\\/easy_santa_web\\\/es\\\/donaciones\\\/\"]}]},{\"@type\":\"BreadcrumbList\",\"@id\":\"https:\\\/\\\/www.easysanta.com\\\/easy_santa_web\\\/es\\\/donaciones\\\/#breadcrumb\",\"itemListElement\":[{\"@type\":\"ListItem\",\"position\":1,\"name\":\"Portada\",\"item\":\"https:\\\/\\\/www.easysanta.com\\\/easy_santa_web\\\/es\\\/easy-santa-sorteos-amigos-invisibles-navidad\\\/\"},{\"@type\":\"ListItem\",\"position\":2,\"name\":\"Donaciones\"}]},{\"@type\":\"WebSite\",\"@id\":\"https:\\\/\\\/www.easysanta.com\\\/easy_santa_web\\\/#website\",\"url\":\"https:\\\/\\\/www.easysanta.com\\\/easy_santa_web\\\/\",\"name\":\"Amigos invisibles - Easy Secret Santa\",\"description\":\"La App de los Amigos Invisibles o Amigos Secretos\",\"publisher\":{\"@id\":\"https:\\\/\\\/www.easysanta.com\\\/easy_santa_web\\\/#organization\"},\"potentialAction\":[{\"@type\":\"SearchAction\",\"target\":{\"@type\":\"EntryPoint\",\"urlTemplate\":\"https:\\\/\\\/www.easysanta.com\\\/easy_santa_web\\\/?s={search_term_string}\"},\"query-input\":{\"@type\":\"PropertyValueSpecification\",\"valueRequired\":true,\"valueName\":\"search_term_string\"}}],\"inLanguage\":\"es\"},{\"@type\":\"Organization\",\"@id\":\"https:\\\/\\\/www.easysanta.com\\\/easy_santa_web\\\/#organization\",\"name\":\"Easy Santa\",\"url\":\"https:\\\/\\\/www.easysanta.com\\\/easy_santa_web\\\/\",\"logo\":{\"@type\":\"ImageObject\",\"inLanguage\":\"es\",\"@id\":\"https:\\\/\\\/www.easysanta.com\\\/easy_santa_web\\\/#\\\/schema\\\/logo\\\/image\\\/\",\"url\":\"https:\\\/\\\/www.easysanta.com\\\/easy_santa_web\\\/wp-content\\\/uploads\\\/2017\\\/02\\\/easysanta-logo-con-letras-carita-verde-tama\u00f1o-reducido.png\",\"contentUrl\":\"https:\\\/\\\/www.easysanta.com\\\/easy_santa_web\\\/wp-content\\\/uploads\\\/2017\\\/02\\\/easysanta-logo-con-letras-carita-verde-tama\u00f1o-reducido.png\",\"width\":631,\"height\":256,\"caption\":\"Easy Santa\"},\"image\":{\"@id\":\"https:\\\/\\\/www.easysanta.com\\\/easy_santa_web\\\/#\\\/schema\\\/logo\\\/image\\\/\"},\"sameAs\":[\"https:\\\/\\\/www.facebook.com\\\/easysanta\\\/\",\"https:\\\/\\\/x.com\\\/easysanta\",\"https:\\\/\\\/www.youtube.com\\\/channel\\\/UC15F1jox2KI8B_Sh3PASdsA\"]}]}<\/script>\n<!-- \/ Yoast SEO plugin. -->","yoast_head_json":{"title":"Donaciones - Amigos invisibles - Easy Secret Santa","robots":{"index":"index","follow":"follow","max-snippet":"max-snippet:-1","max-image-preview":"max-image-preview:large","max-video-preview":"max-video-preview:-1"},"canonical":"https:\/\/www.easysanta.com\/easy_santa_web\/es\/donaciones\/","og_locale":"es_ES","og_type":"article","og_title":"Donaciones - Amigos invisibles - Easy Secret Santa","og_description":"Ay\u00fadanos a mejorar la App con una peque\u00f1a donaci\u00f3n.","og_url":"https:\/\/www.easysanta.com\/easy_santa_web\/es\/donaciones\/","og_site_name":"Amigos invisibles - Easy Secret Santa","article_publisher":"https:\/\/www.facebook.com\/easysanta\/","article_modified_time":"2020-02-09T22:02:50+00:00","twitter_card":"summary_large_image","twitter_site":"@easysanta","schema":{"@context":"https:\/\/schema.org","@graph":[{"@type":"WebPage","@id":"https:\/\/www.easysanta.com\/easy_santa_web\/es\/donaciones\/","url":"https:\/\/www.easysanta.com\/easy_santa_web\/es\/donaciones\/","name":"Donaciones - Amigos invisibles - Easy Secret Santa","isPartOf":{"@id":"https:\/\/www.easysanta.com\/easy_santa_web\/#website"},"datePublished":"2020-02-09T22:02:48+00:00","dateModified":"2020-02-09T22:02:50+00:00","breadcrumb":{"@id":"https:\/\/www.easysanta.com\/easy_santa_web\/es\/donaciones\/#breadcrumb"},"inLanguage":"es","potentialAction":[{"@type":"ReadAction","target":["https:\/\/www.easysanta.com\/easy_santa_web\/es\/donaciones\/"]}]},{"@type":"BreadcrumbList","@id":"https:\/\/www.easysanta.com\/easy_santa_web\/es\/donaciones\/#breadcrumb","itemListElement":[{"@type":"ListItem","position":1,"name":"Portada","item":"https:\/\/www.easysanta.com\/easy_santa_web\/es\/easy-santa-sorteos-amigos-invisibles-navidad\/"},{"@type":"ListItem","position":2,"name":"Donaciones"}]},{"@type":"WebSite","@id":"https:\/\/www.easysanta.com\/easy_santa_web\/#website","url":"https:\/\/www.easysanta.com\/easy_santa_web\/","name":"Amigos invisibles - Easy Secret Santa","description":"La App de los Amigos Invisibles o Amigos Secretos","publisher":{"@id":"https:\/\/www.easysanta.com\/easy_santa_web\/#organization"},"potentialAction":[{"@type":"SearchAction","target":{"@type":"EntryPoint","urlTemplate":"https:\/\/www.easysanta.com\/easy_santa_web\/?s={search_term_string}"},"query-input":{"@type":"PropertyValueSpecification","valueRequired":true,"valueName":"search_term_string"}}],"inLanguage":"es"},{"@type":"Organization","@id":"https:\/\/www.easysanta.com\/easy_santa_web\/#organization","name":"Easy Santa","url":"https:\/\/www.easysanta.com\/easy_santa_web\/","logo":{"@type":"ImageObject","inLanguage":"es","@id":"https:\/\/www.easysanta.com\/easy_santa_web\/#\/schema\/logo\/image\/","url":"https:\/\/www.easysanta.com\/easy_santa_web\/wp-content\/uploads\/2017\/02\/easysanta-logo-con-letras-carita-verde-tama\u00f1o-reducido.png","contentUrl":"https:\/\/www.easysanta.com\/easy_santa_web\/wp-content\/uploads\/2017\/02\/easysanta-logo-con-letras-carita-verde-tama\u00f1o-reducido.png","width":631,"height":256,"caption":"Easy Santa"},"image":{"@id":"https:\/\/www.easysanta.com\/easy_santa_web\/#\/schema\/logo\/image\/"},"sameAs":["https:\/\/www.facebook.com\/easysanta\/","https:\/\/x.com\/easysanta","https:\/\/www.youtube.com\/channel\/UC15F1jox2KI8B_Sh3PASdsA"]}]}},"jetpack_likes_enabled":true,"jetpack_sharing_enabled":true,"_links":{"self":[{"href":"https:\/\/www.easysanta.com\/easy_santa_web\/wp-json\/wp\/v2\/pages\/776","targetHints":{"allow":["GET"]}}],"collection":[{"href":"https:\/\/www.easysanta.com\/easy_santa_web\/wp-json\/wp\/v2\/pages"}],"about":[{"href":"https:\/\/www.easysanta.com\/easy_santa_web\/wp-json\/wp\/v2\/types\/page"}],"author":[{"embeddable":true,"href":"https:\/\/www.easysanta.com\/easy_santa_web\/wp-json\/wp\/v2\/users\/1"}],"replies":[{"embeddable":true,"href":"https:\/\/www.easysanta.com\/easy_santa_web\/wp-json\/wp\/v2\/comments?post=776"}],"version-history":[{"count":1,"href":"https:\/\/www.easysanta.com\/easy_santa_web\/wp-json\/wp\/v2\/pages\/776\/revisions"}],"predecessor-version":[{"id":777,"href":"https:\/\/www.easysanta.com\/easy_santa_web\/wp-json\/wp\/v2\/pages\/776\/revisions\/777"}],"wp:attachment":[{"href":"https:\/\/www.easysanta.com\/easy_santa_web\/wp-json\/wp\/v2\/media?parent=776"}],"curies":[{"name":"wp","href":"https:\/\/api.w.org\/{rel}","templated":true}]}}