{"id":760,"date":"2020-02-09T16:52:40","date_gmt":"2020-02-09T16:52:40","guid":{"rendered":"http:\/\/www.easysanta.com\/easy_santa_web\/?page_id=760"},"modified":"2020-02-12T18:29:53","modified_gmt":"2020-02-12T18:29:53","slug":"tarifas-cpm-2020-2021","status":"publish","type":"page","link":"https:\/\/www.easysanta.com\/easy_santa_web\/es\/tarifas-cpm-2020-2021\/","title":{"rendered":"Tarifas CPM 2020\/2021"},"content":{"rendered":"\n<p>Si quieres que tu <strong>publicidad <\/strong>aparezca en nuestra App, elige la tarifa que mejor se adapta a tus necesidades. Tambi\u00e9n es posible que <strong>tu publicidad sea la \u00fanica<\/strong> que aparezca en nuestra App. Si quieres potenciar tus productos o negocio de una forma m\u00e1s impactante, echa un vistazo al apartado de <strong>Exclusividad <\/strong>que tienes al final de la p\u00e1gina.<\/p>\n\n\n\n<p>Para contratar publicidad con nosotros, escr\u00edbenos a <strong>business@easysanta.com<\/strong>.<\/p>\n\n\n\n<figure class=\"wp-block-table is-style-stripes\"><table class=\"\"><tbody><tr><td><strong>Formato<\/strong><\/td><td><\/td><td><strong> Ubicaci\u00f3n <\/strong><\/td><td class=\"has-text-align-right\" data-align=\"right\"><strong> Tarifa<\/strong> <\/td><td class=\"has-text-align-right\" data-align=\"right\"> <strong>Contratando 1 mes <\/strong><\/td><\/tr><tr><td>Banner 1.450&#215;354<\/td><td><\/td><td>Juegos (portada)<\/td><td class=\"has-text-align-right\" data-align=\"right\">5 \u20ac<\/td><td class=\"has-text-align-right\" data-align=\"right\">4 \u20ac<\/td><\/tr><tr><td>Banner alto 1.450&#215;708<\/td><td><\/td><td>Juegos (portada) <\/td><td class=\"has-text-align-right\" data-align=\"right\">9 \u20ac<\/td><td class=\"has-text-align-right\" data-align=\"right\">7 \u20ac<\/td><\/tr><tr><td>Cuadrado 1.450&#215;1.450<\/td><td><\/td><td>Juegos (portada)  <\/td><td class=\"has-text-align-right\" data-align=\"right\">15 \u20ac<\/td><td class=\"has-text-align-right\" data-align=\"right\">12 \u20ac<\/td><\/tr><tr><td>Rectangular (m\u00e1ximo 1.450&#215;2.900)<\/td><td><\/td><td>Juegos (portada) <\/td><td class=\"has-text-align-right\" data-align=\"right\">25 \u20ac<\/td><td class=\"has-text-align-right\" data-align=\"right\">21 \u20ac<\/td><\/tr><\/tbody><\/table><\/figure>\n\n\n\n<h2 class=\"wp-block-heading\">Condiciones generales<\/h2>\n\n\n\n<p>Las tarifas expuestas en la tabla anterior, rigen seg\u00fan las siguientes condiciones:<\/p>\n\n\n\n<ul class=\"wp-block-list\"><li><strong>Precios sin IVA<\/strong>.<\/li><li>El sistema de facturaci\u00f3n es CPM (<strong>C<\/strong>oste <strong>P<\/strong>or cada <strong>M<\/strong>il impresiones). Por tanto, se facturar\u00e1 durante el periodo contratado el precio indicado, por cada 1.000 impresiones (si se ha contratado un periodo de un mes o superior, se facturar\u00e1 el precio indicado en la columna &#8216;<em>Contratando 1 mes<\/em>&#8216;).<\/li><li>La publicidad puede contratarse durante el intervalo de d\u00edas deseado, aplicando una tarifa especial si el periodo contratado es igual o superior a 30 d\u00edas.<\/li><li>La contrataci\u00f3n se realiza por pa\u00eds. S\u00f3lo se mostrar\u00e1 la publicidad en el pa\u00eds contratado.<\/li><li>Es posible contratar un n\u00famero m\u00e1ximo de impresiones, tanto por d\u00eda como por mes.<\/li><li>Se facturar\u00e1 por m\u00faltiplos de miles de impresiones alcanzados. Si no se alcanza el siguiente m\u00faltiplo de 1.000, no se facturar\u00e1 ese tramo (CPM).<\/li><li>Si se contrata m\u00e1ximo n\u00famero de impresiones, alcanzado dicho n\u00famero dejar\u00e1 de mostrarse la publicidad (aunque la publicidad haya activa menos d\u00edas de los contratados).<\/li><li>Los <strong>anuncios se publicar\u00e1n en la p\u00e1gina principal de la aplicaci\u00f3n<\/strong> (<strong>lista de juegos<\/strong> de un usuario), en la <strong>lista de participantes<\/strong> y en la <strong>lista de deseos<\/strong>. El n\u00famero de impresiones <strong>contabilizar\u00e1 las impresiones mostradas en estas tres p\u00e1ginas<\/strong>.<ul><li>En la lista de juegos, la publicidad aparecer\u00e1 mezclada junto con los juegos activos de sorteos de amigos invisibles del usuario, con el siguiente criterio: publicidad 1, juego 1, publicidad 2, juego 2,&#8230;., publicidad N, juego N, siempre que el usuario tenga un n\u00famero mayor de juegos que contrataciones de publiciacidad existan para ese momento. Si el usuario tiene menos juegos que publicidades contratadas en ese momento, \u00e9stas se mostrar\u00e1n seguidas a continuaci\u00f3n del \u00faltimo juego.<\/li><li>En la lista de participantes, la publicidad aparecer\u00e1 despu\u00e9s de la lista de participantes, con el siguiente orden: publicidad 1, publicidad 2&#8230;, publicidad N.<\/li><li> En la lista de deseos, la publicidad aparecer\u00e1 despu\u00e9s de la lista de deseos, con el siguiente orden: publicidad 1, publicidad 2&#8230;, publicidad N. <\/li><li>Los precios de la tabla anterior aplica a la primera posici\u00f3n de la publicidad (publicidad 1). Si no existe publicidad contratada con exclusividad, las contrataciones que se realicen posteriormente a la primera, ver\u00e1n reducido su importe en un 10 %, redonde\u00e1ndose al n\u00famero entero m\u00e1s pr\u00f3ximo hacia arriba. Por ejemplo, si se va a realizar la contrataci\u00f3n de la posici\u00f3n 2 (ya est\u00e1 contratada la posici\u00f3n 1) para el tipo de tarifa Banner de 5 euros, la reducci\u00f3n del 10% implicar\u00eda descontar 0,5 euros. Redondeando por arriba al entero m\u00e1s pr\u00f3ximo, es descuento ser\u00eda de 1,00 euros, quedando la tarifa para la segunda posici\u00f3n en 4 euros.<\/li><li>S\u00f3lo se podr\u00e1 contratar la primera posici\u00f3n libre para el periodo solicitado. <\/li><\/ul><\/li><li>La imagen asociada a la publicidad la facilitar\u00e1 el propio cliente y deber\u00e1 ser proporcional a las dimensiones indicadas en el formato y, como mucho, con dicha resoluci\u00f3n. Podr\u00e1 ser la URL de una imagen o una imagen en s\u00ed. En el primer caso, el cliente se compromete a servir en todo momento una imagen con el formato contratado. Sin embargo, el contenido de la imagen podr\u00e1 variar con relaci\u00f3n a las necesidades del propio cliente.<\/li><li>Opcionalmente, al pulsar en la imagen de la publicidad se podr\u00e1 acceder a una URL del propio cliente (que se abrir\u00e1 en una ventana nueva de navegador) o a una p\u00e1gina tipo popup de la App, conteniendo \u00fanicamente una nueva imagen del cliente (que a su vez podr\u00e1 ser una URL a una imagen o una imagen propiamente dicha). Al pulsar sobre esta imagen, opcionalmente se podr\u00e1 redirigir a una URL del propio cliente que se abrir\u00e1 en una nueva ventana de navegador. Estas opciones no tienen coste a\u00f1adido.<\/li><\/ul>\n\n\n\n<h2 class=\"wp-block-heading\">Exclusividad<\/h2>\n\n\n\n<p>Es posible bloquear la publicidad para terceras empresas siempre y cuando no se haya contratado previamente publicidad para ese periodo de forma no exclusiva.<\/p>\n\n\n\n<ul class=\"wp-block-list\"><li>La contrataci\u00f3n de exclusividad conlleva:<ul><li>Que terceras empresas no puedan contratar publicidad en el mismo periodo.<\/li><li>Inhabilitar los proveedores de publicidad autom\u00e1ticas existentes en la App, con lo que no se mostrar\u00e1 mientras la exclusividad siga vigente.<\/li><\/ul><\/li><li>La contrataci\u00f3n de exclusividad es independiente de la contrataci\u00f3n de la publicidad, es decir, el cliente que contrata exclusividad para un periodo determinado, para mostrar publicidad deber\u00e1 contratar la publicidad con el formato deseado. Podr\u00e1 realizar tantas contrataciones de formatos y n\u00famero como desee, con sus consiguientes tarifas.<\/li><li>La facturaci\u00f3n de la exclusividad es por el periodo contratado y es independiente del n\u00famero final de impresiones. S\u00f3lo se facturar\u00e1 la exclusividad para un periodo concreto si en dicho periodo se superan las 1.000 impresiones y s\u00f3lo se facturar\u00e1 una \u00fanica vez en el periodo.<\/li><\/ul>\n\n\n\n<p>Las tarifas de exclusividad, se pueden ver en la siguiente tabla:<\/p>\n\n\n\n<figure class=\"wp-block-table is-style-stripes\"><table class=\"\"><tbody><tr><td><strong>Formato<\/strong><\/td><td><strong>Ubicaci\u00f3n <\/strong><\/td><td class=\"has-text-align-right\" data-align=\"right\"><strong>Tarifa x d\u00eda<\/strong> <\/td><td class=\"has-text-align-right\" data-align=\"right\"> <strong>Tarifa x mes <\/strong><\/td><\/tr><tr><td>Todos <\/td><td>Todas<\/td><td class=\"has-text-align-right\" data-align=\"right\">380 \u20ac<\/td><td class=\"has-text-align-right\" data-align=\"right\">9.500 \u20ac<\/td><\/tr><tr><td><\/td><td><\/td><td class=\"has-text-align-right\" data-align=\"right\"><div class='powr-paypal-button' id='c1869a72_1487711649'><\/div><\/td><td class=\"has-text-align-right\" data-align=\"right\"><div class='powr-paypal-button' id='ee8e5ac0_1581283498'><\/div><\/td><\/tr><\/tbody><\/table><\/figure>\n\n\n\n<h2 class=\"wp-block-heading\">P\u00fablico objetivo<\/h2>\n\n\n\n<p>A fecha de <strong>12\/02\/2020<\/strong>, Easy Santa tiene registrados <strong>90.814 usuarios<\/strong>, distribuidos en diferentes pa\u00edses (mostramos aqu\u00ed \u00fanicamente los pa\u00edses que superan el millar de usuarios):<\/p>\n\n\n\n<figure class=\"wp-block-table\"><table class=\"\"><tbody><tr><td><strong>Pa\u00eds<\/strong><\/td><td><strong>N\u00famero de usuarios<\/strong><\/td><\/tr><tr><td>Espa\u00f1a<\/td><td>43.650<\/td><\/tr><tr><td>Estados Unidos (USA)<\/td><td>11.818<\/td><\/tr><tr><td>Chile<\/td><td>5.751<\/td><\/tr><tr><td>Costa Rica<\/td><td>5.500<\/td><\/tr><tr><td>Argentina<\/td><td>5.493<\/td><\/tr><tr><td>Italia<\/td><td>2.584<\/td><\/tr><tr><td>Colombia<\/td><td>2.322<\/td><\/tr><tr><td>Per\u00fa<\/td><td>2.012<\/td><\/tr><tr><td>M\u00e9jico<\/td><td>1.816<\/td><\/tr><tr><td>Paraguay<\/td><td>1.184<\/td><\/tr><tr><td>Uruguay<\/td><td>1.113<\/td><\/tr><\/tbody><\/table><\/figure>\n","protected":false},"excerpt":{"rendered":"<p>Si quieres que tu publicidad aparezca en nuestra App, elige la tarifa que mejor se adapta a tus necesidades. Tambi\u00e9n es posible que tu publicidad sea la \u00fanica que aparezca en nuestra App. Si&#46;&#46;&#46;<\/p>\n","protected":false},"author":1,"featured_media":0,"parent":0,"menu_order":0,"comment_status":"closed","ping_status":"closed","template":"","meta":{"_exactmetrics_skip_tracking":false,"_exactmetrics_sitenote_active":false,"_exactmetrics_sitenote_note":"","_exactmetrics_sitenote_category":0,"footnotes":""},"class_list":["post-760","page","type-page","status-publish","hentry"],"yoast_head":"<!-- This site is optimized with the Yoast SEO plugin v27.3 - https:\/\/yoast.com\/product\/yoast-seo-wordpress\/ -->\n<title>Tarifas CPM 2020\/2021 - Amigos invisibles - Easy Secret Santa<\/title>\n<meta name=\"robots\" content=\"index, follow, max-snippet:-1, max-image-preview:large, max-video-preview:-1\" \/>\n<link rel=\"canonical\" href=\"https:\/\/www.easysanta.com\/easy_santa_web\/es\/tarifas-cpm-2020-2021\/\" \/>\n<meta property=\"og:locale\" content=\"es_ES\" \/>\n<meta property=\"og:type\" content=\"article\" \/>\n<meta property=\"og:title\" content=\"Tarifas CPM 2020\/2021 - Amigos invisibles - Easy Secret Santa\" \/>\n<meta property=\"og:description\" content=\"Si quieres que tu publicidad aparezca en nuestra App, elige la tarifa que mejor se adapta a tus necesidades. Tambi\u00e9n es posible que tu publicidad sea la \u00fanica que aparezca en nuestra App. Si&#046;&#046;&#046;\" \/>\n<meta property=\"og:url\" content=\"https:\/\/www.easysanta.com\/easy_santa_web\/es\/tarifas-cpm-2020-2021\/\" \/>\n<meta property=\"og:site_name\" content=\"Amigos invisibles - Easy Secret Santa\" \/>\n<meta property=\"article:publisher\" content=\"https:\/\/www.facebook.com\/easysanta\/\" \/>\n<meta property=\"article:modified_time\" content=\"2020-02-12T18:29:53+00:00\" \/>\n<meta name=\"twitter:card\" content=\"summary_large_image\" \/>\n<meta name=\"twitter:site\" content=\"@easysanta\" \/>\n<meta name=\"twitter:label1\" content=\"Tiempo de lectura\" \/>\n\t<meta name=\"twitter:data1\" content=\"5 minutos\" \/>\n<script type=\"application\/ld+json\" class=\"yoast-schema-graph\">{\"@context\":\"https:\\\/\\\/schema.org\",\"@graph\":[{\"@type\":\"WebPage\",\"@id\":\"https:\\\/\\\/www.easysanta.com\\\/easy_santa_web\\\/es\\\/tarifas-cpm-2020-2021\\\/\",\"url\":\"https:\\\/\\\/www.easysanta.com\\\/easy_santa_web\\\/es\\\/tarifas-cpm-2020-2021\\\/\",\"name\":\"Tarifas CPM 2020\\\/2021 - Amigos invisibles - Easy Secret Santa\",\"isPartOf\":{\"@id\":\"https:\\\/\\\/www.easysanta.com\\\/easy_santa_web\\\/#website\"},\"datePublished\":\"2020-02-09T16:52:40+00:00\",\"dateModified\":\"2020-02-12T18:29:53+00:00\",\"breadcrumb\":{\"@id\":\"https:\\\/\\\/www.easysanta.com\\\/easy_santa_web\\\/es\\\/tarifas-cpm-2020-2021\\\/#breadcrumb\"},\"inLanguage\":\"es\",\"potentialAction\":[{\"@type\":\"ReadAction\",\"target\":[\"https:\\\/\\\/www.easysanta.com\\\/easy_santa_web\\\/es\\\/tarifas-cpm-2020-2021\\\/\"]}]},{\"@type\":\"BreadcrumbList\",\"@id\":\"https:\\\/\\\/www.easysanta.com\\\/easy_santa_web\\\/es\\\/tarifas-cpm-2020-2021\\\/#breadcrumb\",\"itemListElement\":[{\"@type\":\"ListItem\",\"position\":1,\"name\":\"Portada\",\"item\":\"https:\\\/\\\/www.easysanta.com\\\/easy_santa_web\\\/es\\\/easy-santa-sorteos-amigos-invisibles-navidad\\\/\"},{\"@type\":\"ListItem\",\"position\":2,\"name\":\"Tarifas CPM 2020\\\/2021\"}]},{\"@type\":\"WebSite\",\"@id\":\"https:\\\/\\\/www.easysanta.com\\\/easy_santa_web\\\/#website\",\"url\":\"https:\\\/\\\/www.easysanta.com\\\/easy_santa_web\\\/\",\"name\":\"Amigos invisibles - Easy Secret Santa\",\"description\":\"La App de los Amigos Invisibles o Amigos Secretos\",\"publisher\":{\"@id\":\"https:\\\/\\\/www.easysanta.com\\\/easy_santa_web\\\/#organization\"},\"potentialAction\":[{\"@type\":\"SearchAction\",\"target\":{\"@type\":\"EntryPoint\",\"urlTemplate\":\"https:\\\/\\\/www.easysanta.com\\\/easy_santa_web\\\/?s={search_term_string}\"},\"query-input\":{\"@type\":\"PropertyValueSpecification\",\"valueRequired\":true,\"valueName\":\"search_term_string\"}}],\"inLanguage\":\"es\"},{\"@type\":\"Organization\",\"@id\":\"https:\\\/\\\/www.easysanta.com\\\/easy_santa_web\\\/#organization\",\"name\":\"Easy Santa\",\"url\":\"https:\\\/\\\/www.easysanta.com\\\/easy_santa_web\\\/\",\"logo\":{\"@type\":\"ImageObject\",\"inLanguage\":\"es\",\"@id\":\"https:\\\/\\\/www.easysanta.com\\\/easy_santa_web\\\/#\\\/schema\\\/logo\\\/image\\\/\",\"url\":\"https:\\\/\\\/www.easysanta.com\\\/easy_santa_web\\\/wp-content\\\/uploads\\\/2017\\\/02\\\/easysanta-logo-con-letras-carita-verde-tama\u00f1o-reducido.png\",\"contentUrl\":\"https:\\\/\\\/www.easysanta.com\\\/easy_santa_web\\\/wp-content\\\/uploads\\\/2017\\\/02\\\/easysanta-logo-con-letras-carita-verde-tama\u00f1o-reducido.png\",\"width\":631,\"height\":256,\"caption\":\"Easy Santa\"},\"image\":{\"@id\":\"https:\\\/\\\/www.easysanta.com\\\/easy_santa_web\\\/#\\\/schema\\\/logo\\\/image\\\/\"},\"sameAs\":[\"https:\\\/\\\/www.facebook.com\\\/easysanta\\\/\",\"https:\\\/\\\/x.com\\\/easysanta\",\"https:\\\/\\\/www.youtube.com\\\/channel\\\/UC15F1jox2KI8B_Sh3PASdsA\"]}]}<\/script>\n<!-- \/ Yoast SEO plugin. -->","yoast_head_json":{"title":"Tarifas CPM 2020\/2021 - Amigos invisibles - Easy Secret Santa","robots":{"index":"index","follow":"follow","max-snippet":"max-snippet:-1","max-image-preview":"max-image-preview:large","max-video-preview":"max-video-preview:-1"},"canonical":"https:\/\/www.easysanta.com\/easy_santa_web\/es\/tarifas-cpm-2020-2021\/","og_locale":"es_ES","og_type":"article","og_title":"Tarifas CPM 2020\/2021 - Amigos invisibles - Easy Secret Santa","og_description":"Si quieres que tu publicidad aparezca en nuestra App, elige la tarifa que mejor se adapta a tus necesidades. Tambi\u00e9n es posible que tu publicidad sea la \u00fanica que aparezca en nuestra App. Si&#46;&#46;&#46;","og_url":"https:\/\/www.easysanta.com\/easy_santa_web\/es\/tarifas-cpm-2020-2021\/","og_site_name":"Amigos invisibles - Easy Secret Santa","article_publisher":"https:\/\/www.facebook.com\/easysanta\/","article_modified_time":"2020-02-12T18:29:53+00:00","twitter_card":"summary_large_image","twitter_site":"@easysanta","twitter_misc":{"Tiempo de lectura":"5 minutos"},"schema":{"@context":"https:\/\/schema.org","@graph":[{"@type":"WebPage","@id":"https:\/\/www.easysanta.com\/easy_santa_web\/es\/tarifas-cpm-2020-2021\/","url":"https:\/\/www.easysanta.com\/easy_santa_web\/es\/tarifas-cpm-2020-2021\/","name":"Tarifas CPM 2020\/2021 - Amigos invisibles - Easy Secret Santa","isPartOf":{"@id":"https:\/\/www.easysanta.com\/easy_santa_web\/#website"},"datePublished":"2020-02-09T16:52:40+00:00","dateModified":"2020-02-12T18:29:53+00:00","breadcrumb":{"@id":"https:\/\/www.easysanta.com\/easy_santa_web\/es\/tarifas-cpm-2020-2021\/#breadcrumb"},"inLanguage":"es","potentialAction":[{"@type":"ReadAction","target":["https:\/\/www.easysanta.com\/easy_santa_web\/es\/tarifas-cpm-2020-2021\/"]}]},{"@type":"BreadcrumbList","@id":"https:\/\/www.easysanta.com\/easy_santa_web\/es\/tarifas-cpm-2020-2021\/#breadcrumb","itemListElement":[{"@type":"ListItem","position":1,"name":"Portada","item":"https:\/\/www.easysanta.com\/easy_santa_web\/es\/easy-santa-sorteos-amigos-invisibles-navidad\/"},{"@type":"ListItem","position":2,"name":"Tarifas CPM 2020\/2021"}]},{"@type":"WebSite","@id":"https:\/\/www.easysanta.com\/easy_santa_web\/#website","url":"https:\/\/www.easysanta.com\/easy_santa_web\/","name":"Amigos invisibles - Easy Secret Santa","description":"La App de los Amigos Invisibles o Amigos Secretos","publisher":{"@id":"https:\/\/www.easysanta.com\/easy_santa_web\/#organization"},"potentialAction":[{"@type":"SearchAction","target":{"@type":"EntryPoint","urlTemplate":"https:\/\/www.easysanta.com\/easy_santa_web\/?s={search_term_string}"},"query-input":{"@type":"PropertyValueSpecification","valueRequired":true,"valueName":"search_term_string"}}],"inLanguage":"es"},{"@type":"Organization","@id":"https:\/\/www.easysanta.com\/easy_santa_web\/#organization","name":"Easy Santa","url":"https:\/\/www.easysanta.com\/easy_santa_web\/","logo":{"@type":"ImageObject","inLanguage":"es","@id":"https:\/\/www.easysanta.com\/easy_santa_web\/#\/schema\/logo\/image\/","url":"https:\/\/www.easysanta.com\/easy_santa_web\/wp-content\/uploads\/2017\/02\/easysanta-logo-con-letras-carita-verde-tama\u00f1o-reducido.png","contentUrl":"https:\/\/www.easysanta.com\/easy_santa_web\/wp-content\/uploads\/2017\/02\/easysanta-logo-con-letras-carita-verde-tama\u00f1o-reducido.png","width":631,"height":256,"caption":"Easy Santa"},"image":{"@id":"https:\/\/www.easysanta.com\/easy_santa_web\/#\/schema\/logo\/image\/"},"sameAs":["https:\/\/www.facebook.com\/easysanta\/","https:\/\/x.com\/easysanta","https:\/\/www.youtube.com\/channel\/UC15F1jox2KI8B_Sh3PASdsA"]}]}},"jetpack_likes_enabled":true,"jetpack_sharing_enabled":true,"_links":{"self":[{"href":"https:\/\/www.easysanta.com\/easy_santa_web\/wp-json\/wp\/v2\/pages\/760","targetHints":{"allow":["GET"]}}],"collection":[{"href":"https:\/\/www.easysanta.com\/easy_santa_web\/wp-json\/wp\/v2\/pages"}],"about":[{"href":"https:\/\/www.easysanta.com\/easy_santa_web\/wp-json\/wp\/v2\/types\/page"}],"author":[{"embeddable":true,"href":"https:\/\/www.easysanta.com\/easy_santa_web\/wp-json\/wp\/v2\/users\/1"}],"replies":[{"embeddable":true,"href":"https:\/\/www.easysanta.com\/easy_santa_web\/wp-json\/wp\/v2\/comments?post=760"}],"version-history":[{"count":17,"href":"https:\/\/www.easysanta.com\/easy_santa_web\/wp-json\/wp\/v2\/pages\/760\/revisions"}],"predecessor-version":[{"id":792,"href":"https:\/\/www.easysanta.com\/easy_santa_web\/wp-json\/wp\/v2\/pages\/760\/revisions\/792"}],"wp:attachment":[{"href":"https:\/\/www.easysanta.com\/easy_santa_web\/wp-json\/wp\/v2\/media?parent=760"}],"curies":[{"name":"wp","href":"https:\/\/api.w.org\/{rel}","templated":true}]}}