{"id":72,"date":"2017-02-23T17:22:40","date_gmt":"2017-02-23T17:22:40","guid":{"rendered":"http:\/\/localhost\/easy_santa_web\/?page_id=72"},"modified":"2021-02-18T07:19:37","modified_gmt":"2021-02-18T07:19:37","slug":"iphone","status":"publish","type":"page","link":"https:\/\/www.easysanta.com\/easy_santa_web\/es\/iphone\/","title":{"rendered":"iPhone"},"content":{"rendered":"<p>Easy Santa para IOS est\u00e1 disponible en versi\u00f3n gratuita.<\/p>\n<p>Al ser una versi\u00f3n gratuita, insertamos publicidad en la misma pero, en cualquier momento, puedes realizar una aportaci\u00f3n econ\u00f3mica y eliminaremos la publicidad en tu App durante el periodo de un a\u00f1o.<\/p>\n<p>La versi\u00f3n m\u00ednima con la que poder ejecutar la aplicaci\u00f3n es IOS 8.0. Puedes ejecutar Easy Santa incluso en un iPhone 4s siempre que tenga instalada la versi\u00f3n 9 de IOS.<\/p>\n<p><a href=\"https:\/\/apps.apple.com\/es\/app\/amigos-invisibles-easy-santa\/id1213490940\" target=\"_blank\" rel=\"noopener\"><img loading=\"lazy\" decoding=\"async\" class=\"aligncenter wp-image-144 size-medium\" src=\"http:\/\/www.easysanta.com\/easy_santa_web\/wp-content\/uploads\/2017\/02\/App-Store-Manzana-300x104.png\" alt=\"\" width=\"300\" height=\"104\" srcset=\"https:\/\/www.easysanta.com\/easy_santa_web\/wp-content\/uploads\/2017\/02\/App-Store-Manzana-300x104.png 300w, https:\/\/www.easysanta.com\/easy_santa_web\/wp-content\/uploads\/2017\/02\/App-Store-Manzana.png 382w\" sizes=\"auto, (max-width: 300px) 100vw, 300px\" \/><\/a><\/p>\n","protected":false},"excerpt":{"rendered":"<p>Easy Santa para IOS est\u00e1 disponible en versi\u00f3n gratuita. Al ser una versi\u00f3n gratuita, insertamos publicidad en la misma pero, en cualquier momento, puedes realizar una aportaci\u00f3n econ\u00f3mica y eliminaremos la publicidad en tu&#46;&#46;&#46;<\/p>\n","protected":false},"author":1,"featured_media":259,"parent":0,"menu_order":0,"comment_status":"closed","ping_status":"closed","template":"","meta":{"_exactmetrics_skip_tracking":false,"_exactmetrics_sitenote_active":false,"_exactmetrics_sitenote_note":"","_exactmetrics_sitenote_category":0,"footnotes":""},"class_list":["post-72","page","type-page","status-publish","has-post-thumbnail","hentry"],"yoast_head":"<!-- This site is optimized with the Yoast SEO plugin v27.4 - https:\/\/yoast.com\/product\/yoast-seo-wordpress\/ -->\n<title>iPhone - Amigos invisibles - Easy Secret Santa<\/title>\n<meta name=\"robots\" content=\"index, follow, max-snippet:-1, max-image-preview:large, max-video-preview:-1\" \/>\n<link rel=\"canonical\" href=\"https:\/\/www.easysanta.com\/easy_santa_web\/es\/iphone\/\" \/>\n<meta property=\"og:locale\" content=\"es_ES\" \/>\n<meta property=\"og:type\" content=\"article\" \/>\n<meta property=\"og:title\" content=\"iPhone - Amigos invisibles - Easy Secret Santa\" \/>\n<meta property=\"og:description\" content=\"Easy Santa para IOS est\u00e1 disponible en versi\u00f3n gratuita. Al ser una versi\u00f3n gratuita, insertamos publicidad en la misma pero, en cualquier momento, puedes realizar una aportaci\u00f3n econ\u00f3mica y eliminaremos la publicidad en tu&#046;&#046;&#046;\" \/>\n<meta property=\"og:url\" content=\"https:\/\/www.easysanta.com\/easy_santa_web\/es\/iphone\/\" \/>\n<meta property=\"og:site_name\" content=\"Amigos invisibles - Easy Secret Santa\" \/>\n<meta property=\"article:publisher\" content=\"https:\/\/www.facebook.com\/easysanta\/\" \/>\n<meta property=\"article:modified_time\" content=\"2021-02-18T07:19:37+00:00\" \/>\n<meta property=\"og:image\" content=\"https:\/\/www.easysanta.com\/easy_santa_web\/wp-content\/uploads\/2017\/02\/Samsung-S6-Portada-iPhone-Color-de-fondo-verde.jpg\" \/>\n\t<meta property=\"og:image:width\" content=\"2000\" \/>\n\t<meta property=\"og:image:height\" content=\"591\" \/>\n\t<meta property=\"og:image:type\" content=\"image\/jpeg\" \/>\n<meta name=\"twitter:card\" content=\"summary_large_image\" \/>\n<meta name=\"twitter:site\" content=\"@easysanta\" \/>\n<meta name=\"twitter:label1\" content=\"Tiempo de lectura\" \/>\n\t<meta name=\"twitter:data1\" content=\"1 minuto\" \/>\n<script type=\"application\/ld+json\" class=\"yoast-schema-graph\">{\"@context\":\"https:\\\/\\\/schema.org\",\"@graph\":[{\"@type\":\"WebPage\",\"@id\":\"https:\\\/\\\/www.easysanta.com\\\/easy_santa_web\\\/es\\\/iphone\\\/\",\"url\":\"https:\\\/\\\/www.easysanta.com\\\/easy_santa_web\\\/es\\\/iphone\\\/\",\"name\":\"iPhone - Amigos invisibles - Easy Secret Santa\",\"isPartOf\":{\"@id\":\"https:\\\/\\\/www.easysanta.com\\\/easy_santa_web\\\/#website\"},\"primaryImageOfPage\":{\"@id\":\"https:\\\/\\\/www.easysanta.com\\\/easy_santa_web\\\/es\\\/iphone\\\/#primaryimage\"},\"image\":{\"@id\":\"https:\\\/\\\/www.easysanta.com\\\/easy_santa_web\\\/es\\\/iphone\\\/#primaryimage\"},\"thumbnailUrl\":\"https:\\\/\\\/www.easysanta.com\\\/easy_santa_web\\\/wp-content\\\/uploads\\\/2017\\\/02\\\/Samsung-S6-Portada-iPhone-Color-de-fondo-verde.jpg\",\"datePublished\":\"2017-02-23T17:22:40+00:00\",\"dateModified\":\"2021-02-18T07:19:37+00:00\",\"breadcrumb\":{\"@id\":\"https:\\\/\\\/www.easysanta.com\\\/easy_santa_web\\\/es\\\/iphone\\\/#breadcrumb\"},\"inLanguage\":\"es\",\"potentialAction\":[{\"@type\":\"ReadAction\",\"target\":[\"https:\\\/\\\/www.easysanta.com\\\/easy_santa_web\\\/es\\\/iphone\\\/\"]}]},{\"@type\":\"ImageObject\",\"inLanguage\":\"es\",\"@id\":\"https:\\\/\\\/www.easysanta.com\\\/easy_santa_web\\\/es\\\/iphone\\\/#primaryimage\",\"url\":\"https:\\\/\\\/www.easysanta.com\\\/easy_santa_web\\\/wp-content\\\/uploads\\\/2017\\\/02\\\/Samsung-S6-Portada-iPhone-Color-de-fondo-verde.jpg\",\"contentUrl\":\"https:\\\/\\\/www.easysanta.com\\\/easy_santa_web\\\/wp-content\\\/uploads\\\/2017\\\/02\\\/Samsung-S6-Portada-iPhone-Color-de-fondo-verde.jpg\",\"width\":2000,\"height\":591,\"caption\":\"Dispositivos de Easy Secret Santa\"},{\"@type\":\"BreadcrumbList\",\"@id\":\"https:\\\/\\\/www.easysanta.com\\\/easy_santa_web\\\/es\\\/iphone\\\/#breadcrumb\",\"itemListElement\":[{\"@type\":\"ListItem\",\"position\":1,\"name\":\"Portada\",\"item\":\"https:\\\/\\\/www.easysanta.com\\\/easy_santa_web\\\/es\\\/easy-santa-sorteos-amigos-invisibles-navidad\\\/\"},{\"@type\":\"ListItem\",\"position\":2,\"name\":\"iPhone\"}]},{\"@type\":\"WebSite\",\"@id\":\"https:\\\/\\\/www.easysanta.com\\\/easy_santa_web\\\/#website\",\"url\":\"https:\\\/\\\/www.easysanta.com\\\/easy_santa_web\\\/\",\"name\":\"Amigos invisibles - Easy Secret Santa\",\"description\":\"La App de los Amigos Invisibles o Amigos Secretos\",\"publisher\":{\"@id\":\"https:\\\/\\\/www.easysanta.com\\\/easy_santa_web\\\/#organization\"},\"potentialAction\":[{\"@type\":\"SearchAction\",\"target\":{\"@type\":\"EntryPoint\",\"urlTemplate\":\"https:\\\/\\\/www.easysanta.com\\\/easy_santa_web\\\/?s={search_term_string}\"},\"query-input\":{\"@type\":\"PropertyValueSpecification\",\"valueRequired\":true,\"valueName\":\"search_term_string\"}}],\"inLanguage\":\"es\"},{\"@type\":\"Organization\",\"@id\":\"https:\\\/\\\/www.easysanta.com\\\/easy_santa_web\\\/#organization\",\"name\":\"Easy Santa\",\"url\":\"https:\\\/\\\/www.easysanta.com\\\/easy_santa_web\\\/\",\"logo\":{\"@type\":\"ImageObject\",\"inLanguage\":\"es\",\"@id\":\"https:\\\/\\\/www.easysanta.com\\\/easy_santa_web\\\/#\\\/schema\\\/logo\\\/image\\\/\",\"url\":\"https:\\\/\\\/www.easysanta.com\\\/easy_santa_web\\\/wp-content\\\/uploads\\\/2017\\\/02\\\/easysanta-logo-con-letras-carita-verde-tama\u00f1o-reducido.png\",\"contentUrl\":\"https:\\\/\\\/www.easysanta.com\\\/easy_santa_web\\\/wp-content\\\/uploads\\\/2017\\\/02\\\/easysanta-logo-con-letras-carita-verde-tama\u00f1o-reducido.png\",\"width\":631,\"height\":256,\"caption\":\"Easy Santa\"},\"image\":{\"@id\":\"https:\\\/\\\/www.easysanta.com\\\/easy_santa_web\\\/#\\\/schema\\\/logo\\\/image\\\/\"},\"sameAs\":[\"https:\\\/\\\/www.facebook.com\\\/easysanta\\\/\",\"https:\\\/\\\/x.com\\\/easysanta\",\"https:\\\/\\\/www.youtube.com\\\/channel\\\/UC15F1jox2KI8B_Sh3PASdsA\"]}]}<\/script>\n<!-- \/ Yoast SEO plugin. -->","yoast_head_json":{"title":"iPhone - Amigos invisibles - Easy Secret Santa","robots":{"index":"index","follow":"follow","max-snippet":"max-snippet:-1","max-image-preview":"max-image-preview:large","max-video-preview":"max-video-preview:-1"},"canonical":"https:\/\/www.easysanta.com\/easy_santa_web\/es\/iphone\/","og_locale":"es_ES","og_type":"article","og_title":"iPhone - Amigos invisibles - Easy Secret Santa","og_description":"Easy Santa para IOS est\u00e1 disponible en versi\u00f3n gratuita. Al ser una versi\u00f3n gratuita, insertamos publicidad en la misma pero, en cualquier momento, puedes realizar una aportaci\u00f3n econ\u00f3mica y eliminaremos la publicidad en tu&#46;&#46;&#46;","og_url":"https:\/\/www.easysanta.com\/easy_santa_web\/es\/iphone\/","og_site_name":"Amigos invisibles - Easy Secret Santa","article_publisher":"https:\/\/www.facebook.com\/easysanta\/","article_modified_time":"2021-02-18T07:19:37+00:00","og_image":[{"width":2000,"height":591,"url":"https:\/\/www.easysanta.com\/easy_santa_web\/wp-content\/uploads\/2017\/02\/Samsung-S6-Portada-iPhone-Color-de-fondo-verde.jpg","type":"image\/jpeg"}],"twitter_card":"summary_large_image","twitter_site":"@easysanta","twitter_misc":{"Tiempo de lectura":"1 minuto"},"schema":{"@context":"https:\/\/schema.org","@graph":[{"@type":"WebPage","@id":"https:\/\/www.easysanta.com\/easy_santa_web\/es\/iphone\/","url":"https:\/\/www.easysanta.com\/easy_santa_web\/es\/iphone\/","name":"iPhone - Amigos invisibles - Easy Secret Santa","isPartOf":{"@id":"https:\/\/www.easysanta.com\/easy_santa_web\/#website"},"primaryImageOfPage":{"@id":"https:\/\/www.easysanta.com\/easy_santa_web\/es\/iphone\/#primaryimage"},"image":{"@id":"https:\/\/www.easysanta.com\/easy_santa_web\/es\/iphone\/#primaryimage"},"thumbnailUrl":"https:\/\/www.easysanta.com\/easy_santa_web\/wp-content\/uploads\/2017\/02\/Samsung-S6-Portada-iPhone-Color-de-fondo-verde.jpg","datePublished":"2017-02-23T17:22:40+00:00","dateModified":"2021-02-18T07:19:37+00:00","breadcrumb":{"@id":"https:\/\/www.easysanta.com\/easy_santa_web\/es\/iphone\/#breadcrumb"},"inLanguage":"es","potentialAction":[{"@type":"ReadAction","target":["https:\/\/www.easysanta.com\/easy_santa_web\/es\/iphone\/"]}]},{"@type":"ImageObject","inLanguage":"es","@id":"https:\/\/www.easysanta.com\/easy_santa_web\/es\/iphone\/#primaryimage","url":"https:\/\/www.easysanta.com\/easy_santa_web\/wp-content\/uploads\/2017\/02\/Samsung-S6-Portada-iPhone-Color-de-fondo-verde.jpg","contentUrl":"https:\/\/www.easysanta.com\/easy_santa_web\/wp-content\/uploads\/2017\/02\/Samsung-S6-Portada-iPhone-Color-de-fondo-verde.jpg","width":2000,"height":591,"caption":"Dispositivos de Easy Secret Santa"},{"@type":"BreadcrumbList","@id":"https:\/\/www.easysanta.com\/easy_santa_web\/es\/iphone\/#breadcrumb","itemListElement":[{"@type":"ListItem","position":1,"name":"Portada","item":"https:\/\/www.easysanta.com\/easy_santa_web\/es\/easy-santa-sorteos-amigos-invisibles-navidad\/"},{"@type":"ListItem","position":2,"name":"iPhone"}]},{"@type":"WebSite","@id":"https:\/\/www.easysanta.com\/easy_santa_web\/#website","url":"https:\/\/www.easysanta.com\/easy_santa_web\/","name":"Amigos invisibles - Easy Secret Santa","description":"La App de los Amigos Invisibles o Amigos Secretos","publisher":{"@id":"https:\/\/www.easysanta.com\/easy_santa_web\/#organization"},"potentialAction":[{"@type":"SearchAction","target":{"@type":"EntryPoint","urlTemplate":"https:\/\/www.easysanta.com\/easy_santa_web\/?s={search_term_string}"},"query-input":{"@type":"PropertyValueSpecification","valueRequired":true,"valueName":"search_term_string"}}],"inLanguage":"es"},{"@type":"Organization","@id":"https:\/\/www.easysanta.com\/easy_santa_web\/#organization","name":"Easy Santa","url":"https:\/\/www.easysanta.com\/easy_santa_web\/","logo":{"@type":"ImageObject","inLanguage":"es","@id":"https:\/\/www.easysanta.com\/easy_santa_web\/#\/schema\/logo\/image\/","url":"https:\/\/www.easysanta.com\/easy_santa_web\/wp-content\/uploads\/2017\/02\/easysanta-logo-con-letras-carita-verde-tama\u00f1o-reducido.png","contentUrl":"https:\/\/www.easysanta.com\/easy_santa_web\/wp-content\/uploads\/2017\/02\/easysanta-logo-con-letras-carita-verde-tama\u00f1o-reducido.png","width":631,"height":256,"caption":"Easy Santa"},"image":{"@id":"https:\/\/www.easysanta.com\/easy_santa_web\/#\/schema\/logo\/image\/"},"sameAs":["https:\/\/www.facebook.com\/easysanta\/","https:\/\/x.com\/easysanta","https:\/\/www.youtube.com\/channel\/UC15F1jox2KI8B_Sh3PASdsA"]}]}},"jetpack_likes_enabled":true,"jetpack_sharing_enabled":true,"_links":{"self":[{"href":"https:\/\/www.easysanta.com\/easy_santa_web\/wp-json\/wp\/v2\/pages\/72","targetHints":{"allow":["GET"]}}],"collection":[{"href":"https:\/\/www.easysanta.com\/easy_santa_web\/wp-json\/wp\/v2\/pages"}],"about":[{"href":"https:\/\/www.easysanta.com\/easy_santa_web\/wp-json\/wp\/v2\/types\/page"}],"author":[{"embeddable":true,"href":"https:\/\/www.easysanta.com\/easy_santa_web\/wp-json\/wp\/v2\/users\/1"}],"replies":[{"embeddable":true,"href":"https:\/\/www.easysanta.com\/easy_santa_web\/wp-json\/wp\/v2\/comments?post=72"}],"version-history":[{"count":8,"href":"https:\/\/www.easysanta.com\/easy_santa_web\/wp-json\/wp\/v2\/pages\/72\/revisions"}],"predecessor-version":[{"id":1018,"href":"https:\/\/www.easysanta.com\/easy_santa_web\/wp-json\/wp\/v2\/pages\/72\/revisions\/1018"}],"wp:featuredmedia":[{"embeddable":true,"href":"https:\/\/www.easysanta.com\/easy_santa_web\/wp-json\/wp\/v2\/media\/259"}],"wp:attachment":[{"href":"https:\/\/www.easysanta.com\/easy_santa_web\/wp-json\/wp\/v2\/media?parent=72"}],"curies":[{"name":"wp","href":"https:\/\/api.w.org\/{rel}","templated":true}]}}