{"id":68,"date":"2017-02-23T17:22:02","date_gmt":"2017-02-23T17:22:02","guid":{"rendered":"http:\/\/localhost\/easy_santa_web\/?page_id=68"},"modified":"2023-11-18T21:19:55","modified_gmt":"2023-11-18T21:19:55","slug":"dispositivos","status":"publish","type":"page","link":"https:\/\/www.easysanta.com\/easy_santa_web\/es\/dispositivos\/","title":{"rendered":"Dispositivos"},"content":{"rendered":"<p><strong>Easy Santa<\/strong> funciona tanto en dispositivos <strong>Android<\/strong> como en <strong>IOS<\/strong>, por lo que puedes ejecutarlo indiferentemente en tel\u00e9fonos o tabletas con estos sistemas operativos.<\/p>\n<p style=\"text-align: center;\"><span style=\"color: #339966;\"><strong>Descarga Easy Santa para Android desde Google Play<\/strong><\/span><\/p>\n<p><a href=\"https:\/\/play.google.com\/store\/apps\/details?id=com.easysanta.easysantaANDROID07021966&amp;pli=1\"><img loading=\"lazy\" decoding=\"async\" class=\"size-full wp-image-143 aligncenter\" style=\"color: initial;\" src=\"http:\/\/www.easysanta.com\/easy_santa_web\/wp-content\/uploads\/2017\/02\/Google-Play.png\" alt=\"Google Play\" width=\"413\" height=\"122\" srcset=\"https:\/\/www.easysanta.com\/easy_santa_web\/wp-content\/uploads\/2017\/02\/Google-Play.png 413w, https:\/\/www.easysanta.com\/easy_santa_web\/wp-content\/uploads\/2017\/02\/Google-Play-300x89.png 300w\" sizes=\"auto, (max-width: 413px) 100vw, 413px\" \/><\/a><\/p>\n<p style=\"text-align: center;\"><span style=\"color: #339966;\"><strong>Descarga Easy Santa para IOS desde Apple Store<\/strong><\/span><\/p>\n<p><a href=\"https:\/\/apps.apple.com\/es\/app\/amigos-invisibles-easy-santa\/id1213490940\"><img loading=\"lazy\" decoding=\"async\" class=\"size-full wp-image-144 aligncenter\" style=\"color: initial;\" src=\"http:\/\/www.easysanta.com\/easy_santa_web\/wp-content\/uploads\/2017\/02\/App-Store-Manzana.png\" alt=\"App Store\" width=\"382\" height=\"132\" srcset=\"https:\/\/www.easysanta.com\/easy_santa_web\/wp-content\/uploads\/2017\/02\/App-Store-Manzana.png 382w, https:\/\/www.easysanta.com\/easy_santa_web\/wp-content\/uploads\/2017\/02\/App-Store-Manzana-300x104.png 300w\" sizes=\"auto, (max-width: 382px) 100vw, 382px\" \/><\/a><\/p>\n<p style=\"text-align: left;\">Easy Santa tambi\u00e9n est\u00e1 disponible para versi\u00f3n web.<\/p>\n<p>Las funciones m\u00e1s importantes son: <strong>sorteos autom\u00e1ticos<\/strong>, <strong>resorteos<\/strong>, <strong>lista de deseos<\/strong>, <strong>exclusiones<\/strong> de participantes, <strong>exclusiones de sorteos anteriores<\/strong>, <strong>chat con tu amigo invisible<\/strong>. Adem\u00e1s, tambi\u00e9n <strong>pueden participar personas sin tel\u00e9fono m\u00f3vil ni correo electr\u00f3nico, como personas mayores o ni\u00f1os<\/strong>. Hazte tutor de ellos cuando los vayas a dar de alta en un sorteo de amigos invisibles y a partir de ah\u00ed podr\u00e1s interactuar en su nombre y saber la persona a la que les ha tocado regalar.<\/p>\n<p>Para saber qui\u00e9n es la persona a la que tengo que regalar, puedes verlo a trav\u00e9s de la app o compartiendo el resultado de sorteo.<\/p>\n\n\n<p>Puedes ver la <a href=\"http:\/\/www.easysanta.com\/easy_santa_web\/es\/funciones\/\"><strong>lista completa de funcionales, pulsando en este enlace<\/strong><\/a>. <\/p>\n\n\n\n<p><\/p>\n\n\n\n<p>Adem\u00e1s, la aplicaci\u00f3n est\u00e1 traducida a los siguientes idiomas: <\/p>\n\n\n\n<p>Adem\u00e1s, la aplicaci\u00f3n est\u00e1 traducida a los siguientes idiomas:<\/p>\n\n\n\n<ul class=\"wp-block-list\">\n<li>Chino simplificado (\u4e2d\u56fd).<\/li>\n\n\n\n<li>Ingl\u00e9s (English).<\/li>\n\n\n\n<li>Espa\u00f1ol.<\/li>\n\n\n\n<li>Hindi (\u092d\u093e\u0930\u0924\u0940\u092f\u094b\u0902).<\/li>\n\n\n\n<li>\u00c1rabe&nbsp;(\u0627\u0644\u0639\u0631\u0628\u064a\u0629).<\/li>\n\n\n\n<li>Franc\u00e9s (Fran\u00e7ais).<\/li>\n\n\n\n<li>Portugu\u00e9s (Portugu\u00eas).<\/li>\n\n\n\n<li>Bengal\u00ed (\u09ac\u09be\u0999\u09be\u09b2\u09bf).<\/li>\n\n\n\n<li>Ruso (\u0440\u0443\u0441\u0441\u043a\u0438\u0439).<\/li>\n\n\n\n<li>Alem\u00e1n (Deutsch).<\/li>\n\n\n\n<li>Japon\u00e9s (\u65e5\u672c\u306e).<\/li>\n\n\n\n<li>Italiano (Italiano).<\/li>\n\n\n\n<li>Polaco (Polski).<\/li>\n\n\n\n<li>Indonesio (Indonesia).<\/li>\n\n\n\n<li>Coreano (\uc778\ub3c4\ub124\uc2dc\uc544\uc5b4).<\/li>\n\n\n\n<li>Griego (\u0399\u03bd\u03b4\u03bf\u03bd\u03b7\u03c3\u03af\u03b1\u03c2).<\/li>\n\n\n\n<li>Panyab\u00ed (\u0a2a\u0a70\u0a1c\u0a3e\u0a2c\u0a40).<\/li>\n\n\n\n<li>Sueco (Svenska).<\/li>\n\n\n\n<li>Dan\u00e9s (Dansk).<\/li>\n\n\n\n<li>Noruego (Norsk).<\/li>\n\n\n\n<li>Finland\u00e9s (Suomalainen).<\/li>\n\n\n\n<li>Turco (T\u00fcrk).<\/li>\n\n\n\n<li>Rumano (Rom\u00e2nesc).<\/li>\n\n\n\n<li>Neerland\u00e9s (Nederlands).<\/li>\n\n\n\n<li>Hebreo (\u05e2\u05d1\u05e8\u05d9).<\/li>\n<\/ul>\n\n\n\n<figure class=\"wp-block-image size-full\"><img loading=\"lazy\" decoding=\"async\" width=\"927\" height=\"394\" src=\"http:\/\/www.easysanta.com\/easy_santa_web\/wp-content\/uploads\/2023\/11\/funcionalidades.png\" alt=\"\" class=\"wp-image-1193\" srcset=\"https:\/\/www.easysanta.com\/easy_santa_web\/wp-content\/uploads\/2023\/11\/funcionalidades.png 927w, https:\/\/www.easysanta.com\/easy_santa_web\/wp-content\/uploads\/2023\/11\/funcionalidades-300x128.png 300w, https:\/\/www.easysanta.com\/easy_santa_web\/wp-content\/uploads\/2023\/11\/funcionalidades-768x326.png 768w\" sizes=\"auto, (max-width: 927px) 100vw, 927px\" \/><\/figure>\n\n\n\n<p>Puedes acceder a otras web amigas desde los siguientes enlaces:<\/p>\n\n\n\n<ul class=\"wp-block-list\">\n<li><a href=\"https:\/\/iriscrea.com\" target=\"_blank\" rel=\"noreferrer noopener\" aria-label=\"Iris Crea (opens in a new tab)\">Iris Crea<\/a>, creaciones literarias y t\u00e9cnicas.<\/li>\n\n\n\n<li><a href=\"https:\/\/quotizando.com\" target=\"_blank\" rel=\"noreferrer noopener\" aria-label=\"Quotizando (opens in a new tab)\">Quotizando<\/a>, cotizaciones de bolsa.<\/li>\n\n\n\n<li><a href=\"https:\/\/ateneaapp.com\" target=\"_blank\" rel=\"noreferrer noopener\" aria-label=\"AteneaApp (opens in a new tab)\">AteneaApp<\/a>, votaciones y porras.<\/li>\n\n\n\n<li><a href=\"https:\/\/app.nicetownapp.com\" target=\"_blank\" rel=\"noreferrer noopener\" aria-label=\"NiceTown (opens in a new tab)\">NiceTownApp<\/a>, gu\u00eda tur\u00edstica.<\/li>\n<\/ul>\n","protected":false},"excerpt":{"rendered":"<p>Easy Santa funciona tanto en dispositivos Android como en IOS, por lo que puedes ejecutarlo indiferentemente en tel\u00e9fonos o tabletas con estos sistemas operativos. Descarga Easy Santa para Android desde Google Play Descarga Easy&#46;&#46;&#46;<\/p>\n","protected":false},"author":1,"featured_media":820,"parent":0,"menu_order":0,"comment_status":"closed","ping_status":"closed","template":"","meta":{"_exactmetrics_skip_tracking":false,"_exactmetrics_sitenote_active":false,"_exactmetrics_sitenote_note":"","_exactmetrics_sitenote_category":0,"footnotes":""},"class_list":["post-68","page","type-page","status-publish","has-post-thumbnail","hentry"],"yoast_head":"<!-- This site is optimized with the Yoast SEO plugin v27.3 - https:\/\/yoast.com\/product\/yoast-seo-wordpress\/ -->\n<title>Amigo invisible sorteo - Easy Secret Santa<\/title>\n<meta name=\"description\" content=\"Amigo invisible sorteo es la app para intercambio de regalos en Navidad m\u00e1s vers\u00e1til. Lista de deseos, resorteos, excepciones, chat, v\u00e1lida para menores y personas mayores. etc.\" \/>\n<meta name=\"robots\" content=\"index, follow, max-snippet:-1, max-image-preview:large, max-video-preview:-1\" \/>\n<link rel=\"canonical\" href=\"https:\/\/www.easysanta.com\/easy_santa_web\/es\/dispositivos\/\" \/>\n<meta property=\"og:locale\" content=\"es_ES\" \/>\n<meta property=\"og:type\" content=\"article\" \/>\n<meta property=\"og:title\" content=\"Amigo invisible sorteo - Easy Secret Santa\" \/>\n<meta property=\"og:description\" content=\"Amigo invisible sorteo es la app para intercambio de regalos en Navidad m\u00e1s vers\u00e1til. Lista de deseos, resorteos, excepciones, chat, v\u00e1lida para menores y personas mayores. etc.\" \/>\n<meta property=\"og:url\" content=\"https:\/\/www.easysanta.com\/easy_santa_web\/es\/dispositivos\/\" \/>\n<meta property=\"og:site_name\" content=\"Amigos invisibles - Easy Secret Santa\" \/>\n<meta property=\"article:publisher\" content=\"https:\/\/www.facebook.com\/easysanta\/\" \/>\n<meta property=\"article:modified_time\" content=\"2023-11-18T21:19:55+00:00\" \/>\n<meta property=\"og:image\" content=\"https:\/\/www.easysanta.com\/easy_santa_web\/wp-content\/uploads\/2020\/05\/icon-1024.png\" \/>\n\t<meta property=\"og:image:width\" content=\"1024\" \/>\n\t<meta property=\"og:image:height\" content=\"1024\" \/>\n\t<meta property=\"og:image:type\" content=\"image\/png\" \/>\n<meta name=\"twitter:card\" content=\"summary_large_image\" \/>\n<meta name=\"twitter:site\" content=\"@easysanta\" \/>\n<meta name=\"twitter:label1\" content=\"Tiempo de lectura\" \/>\n\t<meta name=\"twitter:data1\" content=\"2 minutos\" \/>\n<script type=\"application\/ld+json\" class=\"yoast-schema-graph\">{\"@context\":\"https:\\\/\\\/schema.org\",\"@graph\":[{\"@type\":\"WebPage\",\"@id\":\"https:\\\/\\\/www.easysanta.com\\\/easy_santa_web\\\/es\\\/dispositivos\\\/\",\"url\":\"https:\\\/\\\/www.easysanta.com\\\/easy_santa_web\\\/es\\\/dispositivos\\\/\",\"name\":\"Amigo invisible sorteo - Easy Secret Santa\",\"isPartOf\":{\"@id\":\"https:\\\/\\\/www.easysanta.com\\\/easy_santa_web\\\/#website\"},\"primaryImageOfPage\":{\"@id\":\"https:\\\/\\\/www.easysanta.com\\\/easy_santa_web\\\/es\\\/dispositivos\\\/#primaryimage\"},\"image\":{\"@id\":\"https:\\\/\\\/www.easysanta.com\\\/easy_santa_web\\\/es\\\/dispositivos\\\/#primaryimage\"},\"thumbnailUrl\":\"https:\\\/\\\/www.easysanta.com\\\/easy_santa_web\\\/wp-content\\\/uploads\\\/2020\\\/05\\\/icon-1024.png\",\"datePublished\":\"2017-02-23T17:22:02+00:00\",\"dateModified\":\"2023-11-18T21:19:55+00:00\",\"description\":\"Amigo invisible sorteo es la app para intercambio de regalos en Navidad m\u00e1s vers\u00e1til. Lista de deseos, resorteos, excepciones, chat, v\u00e1lida para menores y personas mayores. etc.\",\"breadcrumb\":{\"@id\":\"https:\\\/\\\/www.easysanta.com\\\/easy_santa_web\\\/es\\\/dispositivos\\\/#breadcrumb\"},\"inLanguage\":\"es\",\"potentialAction\":[{\"@type\":\"ReadAction\",\"target\":[\"https:\\\/\\\/www.easysanta.com\\\/easy_santa_web\\\/es\\\/dispositivos\\\/\"]}]},{\"@type\":\"ImageObject\",\"inLanguage\":\"es\",\"@id\":\"https:\\\/\\\/www.easysanta.com\\\/easy_santa_web\\\/es\\\/dispositivos\\\/#primaryimage\",\"url\":\"https:\\\/\\\/www.easysanta.com\\\/easy_santa_web\\\/wp-content\\\/uploads\\\/2020\\\/05\\\/icon-1024.png\",\"contentUrl\":\"https:\\\/\\\/www.easysanta.com\\\/easy_santa_web\\\/wp-content\\\/uploads\\\/2020\\\/05\\\/icon-1024.png\",\"width\":1024,\"height\":1024,\"caption\":\"Easy Secret Santa - Amigos Invisibles\"},{\"@type\":\"BreadcrumbList\",\"@id\":\"https:\\\/\\\/www.easysanta.com\\\/easy_santa_web\\\/es\\\/dispositivos\\\/#breadcrumb\",\"itemListElement\":[{\"@type\":\"ListItem\",\"position\":1,\"name\":\"Portada\",\"item\":\"https:\\\/\\\/www.easysanta.com\\\/easy_santa_web\\\/es\\\/easy-santa-sorteos-amigos-invisibles-navidad\\\/\"},{\"@type\":\"ListItem\",\"position\":2,\"name\":\"Dispositivos\"}]},{\"@type\":\"WebSite\",\"@id\":\"https:\\\/\\\/www.easysanta.com\\\/easy_santa_web\\\/#website\",\"url\":\"https:\\\/\\\/www.easysanta.com\\\/easy_santa_web\\\/\",\"name\":\"Amigos invisibles - Easy Secret Santa\",\"description\":\"La App de los Amigos Invisibles o Amigos Secretos\",\"publisher\":{\"@id\":\"https:\\\/\\\/www.easysanta.com\\\/easy_santa_web\\\/#organization\"},\"potentialAction\":[{\"@type\":\"SearchAction\",\"target\":{\"@type\":\"EntryPoint\",\"urlTemplate\":\"https:\\\/\\\/www.easysanta.com\\\/easy_santa_web\\\/?s={search_term_string}\"},\"query-input\":{\"@type\":\"PropertyValueSpecification\",\"valueRequired\":true,\"valueName\":\"search_term_string\"}}],\"inLanguage\":\"es\"},{\"@type\":\"Organization\",\"@id\":\"https:\\\/\\\/www.easysanta.com\\\/easy_santa_web\\\/#organization\",\"name\":\"Easy Santa\",\"url\":\"https:\\\/\\\/www.easysanta.com\\\/easy_santa_web\\\/\",\"logo\":{\"@type\":\"ImageObject\",\"inLanguage\":\"es\",\"@id\":\"https:\\\/\\\/www.easysanta.com\\\/easy_santa_web\\\/#\\\/schema\\\/logo\\\/image\\\/\",\"url\":\"https:\\\/\\\/www.easysanta.com\\\/easy_santa_web\\\/wp-content\\\/uploads\\\/2017\\\/02\\\/easysanta-logo-con-letras-carita-verde-tama\u00f1o-reducido.png\",\"contentUrl\":\"https:\\\/\\\/www.easysanta.com\\\/easy_santa_web\\\/wp-content\\\/uploads\\\/2017\\\/02\\\/easysanta-logo-con-letras-carita-verde-tama\u00f1o-reducido.png\",\"width\":631,\"height\":256,\"caption\":\"Easy Santa\"},\"image\":{\"@id\":\"https:\\\/\\\/www.easysanta.com\\\/easy_santa_web\\\/#\\\/schema\\\/logo\\\/image\\\/\"},\"sameAs\":[\"https:\\\/\\\/www.facebook.com\\\/easysanta\\\/\",\"https:\\\/\\\/x.com\\\/easysanta\",\"https:\\\/\\\/www.youtube.com\\\/channel\\\/UC15F1jox2KI8B_Sh3PASdsA\"]}]}<\/script>\n<!-- \/ Yoast SEO plugin. -->","yoast_head_json":{"title":"Amigo invisible sorteo - Easy Secret Santa","description":"Amigo invisible sorteo es la app para intercambio de regalos en Navidad m\u00e1s vers\u00e1til. Lista de deseos, resorteos, excepciones, chat, v\u00e1lida para menores y personas mayores. etc.","robots":{"index":"index","follow":"follow","max-snippet":"max-snippet:-1","max-image-preview":"max-image-preview:large","max-video-preview":"max-video-preview:-1"},"canonical":"https:\/\/www.easysanta.com\/easy_santa_web\/es\/dispositivos\/","og_locale":"es_ES","og_type":"article","og_title":"Amigo invisible sorteo - Easy Secret Santa","og_description":"Amigo invisible sorteo es la app para intercambio de regalos en Navidad m\u00e1s vers\u00e1til. Lista de deseos, resorteos, excepciones, chat, v\u00e1lida para menores y personas mayores. etc.","og_url":"https:\/\/www.easysanta.com\/easy_santa_web\/es\/dispositivos\/","og_site_name":"Amigos invisibles - Easy Secret Santa","article_publisher":"https:\/\/www.facebook.com\/easysanta\/","article_modified_time":"2023-11-18T21:19:55+00:00","og_image":[{"width":1024,"height":1024,"url":"https:\/\/www.easysanta.com\/easy_santa_web\/wp-content\/uploads\/2020\/05\/icon-1024.png","type":"image\/png"}],"twitter_card":"summary_large_image","twitter_site":"@easysanta","twitter_misc":{"Tiempo de lectura":"2 minutos"},"schema":{"@context":"https:\/\/schema.org","@graph":[{"@type":"WebPage","@id":"https:\/\/www.easysanta.com\/easy_santa_web\/es\/dispositivos\/","url":"https:\/\/www.easysanta.com\/easy_santa_web\/es\/dispositivos\/","name":"Amigo invisible sorteo - Easy Secret Santa","isPartOf":{"@id":"https:\/\/www.easysanta.com\/easy_santa_web\/#website"},"primaryImageOfPage":{"@id":"https:\/\/www.easysanta.com\/easy_santa_web\/es\/dispositivos\/#primaryimage"},"image":{"@id":"https:\/\/www.easysanta.com\/easy_santa_web\/es\/dispositivos\/#primaryimage"},"thumbnailUrl":"https:\/\/www.easysanta.com\/easy_santa_web\/wp-content\/uploads\/2020\/05\/icon-1024.png","datePublished":"2017-02-23T17:22:02+00:00","dateModified":"2023-11-18T21:19:55+00:00","description":"Amigo invisible sorteo es la app para intercambio de regalos en Navidad m\u00e1s vers\u00e1til. Lista de deseos, resorteos, excepciones, chat, v\u00e1lida para menores y personas mayores. etc.","breadcrumb":{"@id":"https:\/\/www.easysanta.com\/easy_santa_web\/es\/dispositivos\/#breadcrumb"},"inLanguage":"es","potentialAction":[{"@type":"ReadAction","target":["https:\/\/www.easysanta.com\/easy_santa_web\/es\/dispositivos\/"]}]},{"@type":"ImageObject","inLanguage":"es","@id":"https:\/\/www.easysanta.com\/easy_santa_web\/es\/dispositivos\/#primaryimage","url":"https:\/\/www.easysanta.com\/easy_santa_web\/wp-content\/uploads\/2020\/05\/icon-1024.png","contentUrl":"https:\/\/www.easysanta.com\/easy_santa_web\/wp-content\/uploads\/2020\/05\/icon-1024.png","width":1024,"height":1024,"caption":"Easy Secret Santa - Amigos Invisibles"},{"@type":"BreadcrumbList","@id":"https:\/\/www.easysanta.com\/easy_santa_web\/es\/dispositivos\/#breadcrumb","itemListElement":[{"@type":"ListItem","position":1,"name":"Portada","item":"https:\/\/www.easysanta.com\/easy_santa_web\/es\/easy-santa-sorteos-amigos-invisibles-navidad\/"},{"@type":"ListItem","position":2,"name":"Dispositivos"}]},{"@type":"WebSite","@id":"https:\/\/www.easysanta.com\/easy_santa_web\/#website","url":"https:\/\/www.easysanta.com\/easy_santa_web\/","name":"Amigos invisibles - Easy Secret Santa","description":"La App de los Amigos Invisibles o Amigos Secretos","publisher":{"@id":"https:\/\/www.easysanta.com\/easy_santa_web\/#organization"},"potentialAction":[{"@type":"SearchAction","target":{"@type":"EntryPoint","urlTemplate":"https:\/\/www.easysanta.com\/easy_santa_web\/?s={search_term_string}"},"query-input":{"@type":"PropertyValueSpecification","valueRequired":true,"valueName":"search_term_string"}}],"inLanguage":"es"},{"@type":"Organization","@id":"https:\/\/www.easysanta.com\/easy_santa_web\/#organization","name":"Easy Santa","url":"https:\/\/www.easysanta.com\/easy_santa_web\/","logo":{"@type":"ImageObject","inLanguage":"es","@id":"https:\/\/www.easysanta.com\/easy_santa_web\/#\/schema\/logo\/image\/","url":"https:\/\/www.easysanta.com\/easy_santa_web\/wp-content\/uploads\/2017\/02\/easysanta-logo-con-letras-carita-verde-tama\u00f1o-reducido.png","contentUrl":"https:\/\/www.easysanta.com\/easy_santa_web\/wp-content\/uploads\/2017\/02\/easysanta-logo-con-letras-carita-verde-tama\u00f1o-reducido.png","width":631,"height":256,"caption":"Easy Santa"},"image":{"@id":"https:\/\/www.easysanta.com\/easy_santa_web\/#\/schema\/logo\/image\/"},"sameAs":["https:\/\/www.facebook.com\/easysanta\/","https:\/\/x.com\/easysanta","https:\/\/www.youtube.com\/channel\/UC15F1jox2KI8B_Sh3PASdsA"]}]}},"jetpack_likes_enabled":true,"jetpack_sharing_enabled":true,"_links":{"self":[{"href":"https:\/\/www.easysanta.com\/easy_santa_web\/wp-json\/wp\/v2\/pages\/68","targetHints":{"allow":["GET"]}}],"collection":[{"href":"https:\/\/www.easysanta.com\/easy_santa_web\/wp-json\/wp\/v2\/pages"}],"about":[{"href":"https:\/\/www.easysanta.com\/easy_santa_web\/wp-json\/wp\/v2\/types\/page"}],"author":[{"embeddable":true,"href":"https:\/\/www.easysanta.com\/easy_santa_web\/wp-json\/wp\/v2\/users\/1"}],"replies":[{"embeddable":true,"href":"https:\/\/www.easysanta.com\/easy_santa_web\/wp-json\/wp\/v2\/comments?post=68"}],"version-history":[{"count":14,"href":"https:\/\/www.easysanta.com\/easy_santa_web\/wp-json\/wp\/v2\/pages\/68\/revisions"}],"predecessor-version":[{"id":1196,"href":"https:\/\/www.easysanta.com\/easy_santa_web\/wp-json\/wp\/v2\/pages\/68\/revisions\/1196"}],"wp:featuredmedia":[{"embeddable":true,"href":"https:\/\/www.easysanta.com\/easy_santa_web\/wp-json\/wp\/v2\/media\/820"}],"wp:attachment":[{"href":"https:\/\/www.easysanta.com\/easy_santa_web\/wp-json\/wp\/v2\/media?parent=68"}],"curies":[{"name":"wp","href":"https:\/\/api.w.org\/{rel}","templated":true}]}}