{"id":66,"date":"2017-02-23T17:21:30","date_gmt":"2017-02-23T17:21:30","guid":{"rendered":"http:\/\/localhost\/easy_santa_web\/?page_id=66"},"modified":"2024-08-10T10:04:34","modified_gmt":"2024-08-10T10:04:34","slug":"easy-santa-sorteos-amigos-invisibles-navidad","status":"publish","type":"page","link":"https:\/\/www.easysanta.com\/easy_santa_web\/es\/easy-santa-sorteos-amigos-invisibles-navidad\/","title":{"rendered":"EasySanta, sorteo de Amigos Invisibles en Navidad"},"content":{"rendered":"<p><span style=\"color: #00b248;\"><strong>EasySanta <\/strong><\/span>es la App m\u00e1s descargada para realizar sorteos de <span style=\"color: #339966;\"><span style=\"color: #00b248;\"><strong>Amigos Invisibles<\/strong><\/span> (<span style=\"color: #00b248;\">Secret Santa<\/span>)<\/span>, para intercambiar regalos en Navidad.<\/p>\n<p>Adem\u00e1s, la App de los <span style=\"color: #00b248;\"><strong>Amigos Invisibles<\/strong><\/span>, <span style=\"color: #00b248;\"><strong>Amigos Secretos<\/strong><\/span> o <span style=\"color: #00b248;\"><strong>Secret Santa<\/strong><\/span> es la mejor App para sortear regalos y compartirlos con tus amigos, familiares, vecinos, o compa\u00f1eros.<\/p>\n<p>Est\u00e1 disponible en <span style=\"color: #ff1744;\"><strong><span style=\"color: #c7b800;\"><a style=\"color: #c7b800;\" href=\"http:\/\/www.easysanta.com\/easy_santa_web\/es\/android\/\">Android<\/a><\/span>\u00a0<\/strong><\/span>e<span style=\"color: #c7b800;\"><strong> <a style=\"color: #c7b800;\" href=\"http:\/\/www.easysanta.com\/easy_santa_web\/es\/iphone\/\">IOS<\/a><\/strong> <\/span>(en las tiendas de Google y Apple) y en <span style=\"color: #c7b800;\"><strong><a style=\"color: #c7b800;\" href=\"http:\/\/www.easysanta.com\/easy_santa_web\/es\/easy-santa-version-web\/\">versi\u00f3n Web<\/a><\/strong><\/span> (disponible desde cualquier navegador de cualquier dispositivo).<\/p>\n<p>Para que los usuarios puedan ver el resultado de los sorteos, tienes dos opciones:<\/p>\n<ul>\n<li><strong>Que el resto de participantes se instalen la App<\/strong>. De esta forma podr\u00e1n <strong>consultar en cualquier momento la persona a la que les ha tocado regalar<\/strong>. Adem\u00e1s tiene la ventaja de que podr\u00e1n <strong>consultar la lista de deseos de la persona a la que tienen que regalar<\/strong> y tambi\u00e9n podr\u00e1n <strong>dar de alta su propia lista de deseos<\/strong> para facilitarle la vida a su amigo invisible. Tambi\u00e9n podr\u00e1n <strong>chatear de forma an\u00f3nima<\/strong> tanto con su amigo invisible como con la persona a la que le ha tocado regalar. Esta opci\u00f3n es la que recomendamos por todas las ventajas que tiene.<\/li>\n<li><strong>Compartiendo el resultado del sorteo v\u00eda correo electr\u00f3nico o mensajes SMS<\/strong> enviados desde nuestros servidores. Los participantes recibir\u00e1n un mensaje o correo electr\u00f3nico indic\u00e1ndoles la persona a la que les ha tocado regalar.<\/li>\n<\/ul>\n<p>Crea juegos para <span style=\"color: #ff1744;\"><strong>sortear de forma totalmente aleatoria qui\u00e9n regalar\u00e1 a qui\u00e9n<\/strong><\/span>. Indica <span style=\"color: #ff3d00;\"><strong><span style=\"color: #ff1744;\">excepciones<\/span> <\/strong><\/span>para el sorteo (personas que no se emparejar\u00e1n con otras en ese sorteo). Define c\u00f3mo ser\u00e1 el juego: <span style=\"color: #ff1744;\"><strong>invisible<\/strong> <\/span>a todos los participantes (con lo que s\u00f3lo t\u00fa conocer\u00e1s a tu amigo invisible) o <span style=\"color: #ff1744;\"><strong>visible<\/strong> <\/span>(de manera que todos sabr\u00e1n qui\u00e9n regala a qui\u00e9n). Confecciona tu propia <span style=\"color: #ff1744;\"><strong>lista de deseos<\/strong><\/span> para tu amigo invisible (t\u00fa tambi\u00e9n podr\u00e1s consultar la lista de deseos de la persona a la que te toque regalar). Adem\u00e1s, <span style=\"color: #ff1744;\"><strong>ahora tambi\u00e9n puedes chatear<\/strong><\/span> de forma an\u00f3nima <span style=\"color: #ff1744;\"><strong>con tu amigo invisible o con la persona a la que te ha tocado regalar<\/strong><\/span>.<\/p>\n<p>Tambi\u00e9n <strong>podr\u00e1s participar en nombre de terceras personas<\/strong>. De esta manera, tambi\u00e9n <strong>podr\u00e1n participar en los sorteos las personas que no dispongan de tel\u00e9fono m\u00f3vil ni correo electr\u00f3nico<\/strong>. <span style=\"color: #ff1744;\"><strong>Ideal para personas mayores y ni\u00f1os peque\u00f1os<\/strong><\/span>. Para ello, s\u00f3lo tienes que marcarte tomo tutor de esa persona cuando la das de alta como participante y, a partir de ah\u00ed, podr\u00e1s ver a qui\u00e9n le ha tocado regalar e interactuar en su nombre.<\/p>\n<p>Juega con <span style=\"color: #00b248;\"><strong>Easy Santa<\/strong><\/span> para realizar sorteos de los cumplea\u00f1os familiares, para hacer regalos de fin de carrera, instituto o colegio y, de forma especial, para los <span style=\"color: #004ecb;\"><strong><span style=\"font-size: 14pt;\">intercambios de regalos en las Navidad<\/span><\/strong><\/span>.<\/p>\n<h3>Festividades del amigo invisible, por pa\u00edses<\/h3>\n<p>Celebra el <strong>d\u00eda de la amistad<\/strong>, con tus amigos, seg\u00fan los diferentes calendarios:<\/p>\n<ul>\n<li>14 de febrero (D\u00eda del Amor y la Amistad): <strong>Ecuador<\/strong>, <strong>Honduras<\/strong>, <strong>El Salvador<\/strong>, <strong>Guatemala<\/strong>, <strong>M\u00e9xico<\/strong>, <strong>Rep\u00fablica Dominicana<\/strong>, y <strong>Venezuela<\/strong>.<\/li>\n<li>Primer s\u00e1bado de julio: <strong>Per\u00fa<\/strong>.<\/li>\n<li>20 de julio (D\u00eda del Amigo: por la llegada del ser humano a la luna en 1969): <strong>Argentina<\/strong>, <strong>Brasil<\/strong> y <strong>Uruguay<\/strong>.<\/li>\n<li>23 de julio: <strong>Bolivia<\/strong>.<\/li>\n<li>Primer domingo de agosto (D\u00eda Internacional de la Amistad o International Friendship Day): <strong>Estados Unidos<\/strong> e <strong>India<\/strong>.<\/li>\n<li>Tercer s\u00e1bado de septiembre (D\u00eda del Amor y la Amistad): <strong>Colombia<\/strong>.<\/li>\n<li>Primer viernes de octubre: <strong>Chile<\/strong>.<\/li>\n<\/ul>\n<p>Todo de forma muy sencilla y accediendo siempre a trav\u00e9s de los contactos. Si quieres ver la <span style=\"color: #c7b800;\"><strong><a style=\"color: #c7b800;\" href=\"http:\/\/www.easysanta.com\/easy_santa_web\/es\/funciones\/\">lista completa de funcionalidades de EasySanta, la App de los amigos invisibles,\u00a0 pulsa sobre este enlace<\/a><\/strong><\/span>.<\/p>\n<p>Y recuerda, <span style=\"color: #00e676;\"><strong><span style=\"color: #00b248;\">EasySanta<\/span> <\/strong><\/span>es la App m\u00e1s descargada para realizar sorteos de <span style=\"color: #00b248;\"><strong>Amigos Invisibles<\/strong><\/span>, para intercambiar regalos en Navidad.<\/p>\n<h3>No te pierdas nuestro v\u00eddeo de presentaci\u00f3n<\/h3>\n<figure class=\"wp-block-embed wp-block-embed-youtube is-type-video is-provider-youtube epyt-figure\"><div class=\"wp-block-embed__wrapper\"><div class=\"epyt-video-wrapper\"><iframe loading=\"lazy\"  id=\"_ytid_33746\"  width=\"480\" height=\"270\"  data-origwidth=\"480\" data-origheight=\"270\" src=\"https:\/\/www.youtube.com\/embed\/pp_DI5zAIiU?enablejsapi=1&autoplay=0&cc_load_policy=0&cc_lang_pref=&iv_load_policy=1&loop=0&rel=0&fs=1&playsinline=0&autohide=2&theme=dark&color=red&controls=1&disablekb=0&\" class=\"__youtube_prefs__  no-lazyload\" title=\"YouTube player\"  allow=\"fullscreen; accelerometer; autoplay; clipboard-write; encrypted-media; gyroscope; picture-in-picture; web-share\" referrerpolicy=\"strict-origin-when-cross-origin\" allowfullscreen data-no-lazy=\"1\" data-skipgform_ajax_framebjll=\"\"><\/iframe><\/div><\/div><\/figure>\n<pre><span style=\"color: #00e676;\"><code><a id=\"69d0e8d53ed42\" rel=\"wp-video-lightbox\" href=\"https:\/\/www.youtube.com\/watch?v=l9CDfurCbfw&#038;width=879&#038;height=494\" title=\"\">Ver otros v\u00eddeos de presentaci\u00f3n<\/a>    <script>\r\n    \/* <![CDATA[ *\/\r\n    jQuery(document).ready(function($){\r\n        $(function(){\r\n            var width = $(window).innerWidth();\r\n            var setwidth = parseFloat(879);\r\n            var ratio = parseFloat(0.56200227531286);\r\n            var height = parseFloat(494);\r\n            var link = 'https:\/\/www.youtube.com\/watch?v=l9CDfurCbfw&amp;width=879&amp;height=494';\r\n            if(width < setwidth)\r\n            {\r\n                height = Math.floor(width * 0.56200227531286);\r\n                \/\/console.log(\"device width \"+width+\", set width \"+879+\", ratio \"+0.56200227531286+\", new height \"+ height);\r\n                var new_url = wpvl_paramReplace('width', link, width);\r\n                var new_url = wpvl_paramReplace('height', new_url, height);\r\n                $(\"a#69d0e8d53ed42\").attr('href', new_url);\r\n                \/\/console.log(new_url);\r\n            }\r\n        });\r\n    });\r\n    \/* ]]> *\/\r\n    <\/script><\/code><\/span><\/pre>\n<p><strong>Descarga Easy Santa para Android o IOS a trav\u00e9s de los siguientes enlaces:<\/strong><\/p>\n<div id=\"attachment_143\" style=\"width: 310px\" class=\"wp-caption aligncenter\"><a href=\"https:\/\/play.google.com\/store\/apps\/details?id=com.easysanta.easysantaANDROID07021966\" target=\"_blank\" rel=\"noopener\"><img loading=\"lazy\" decoding=\"async\" aria-describedby=\"caption-attachment-143\" class=\"wp-image-143 size-medium\" src=\"http:\/\/www.easysanta.com\/easy_santa_web\/wp-content\/uploads\/2017\/02\/Google-Play-300x89.png\" alt=\" Google Play\" width=\"300\" height=\"89\" srcset=\"https:\/\/www.easysanta.com\/easy_santa_web\/wp-content\/uploads\/2017\/02\/Google-Play-300x89.png 300w, https:\/\/www.easysanta.com\/easy_santa_web\/wp-content\/uploads\/2017\/02\/Google-Play.png 413w\" sizes=\"auto, (max-width: 300px) 100vw, 300px\" \/><\/a><p id=\"caption-attachment-143\" class=\"wp-caption-text\">Easy Santa en Google Play<\/p><\/div>\n<div id=\"attachment_144\" style=\"width: 310px\" class=\"wp-caption aligncenter\"><a href=\"https:\/\/apps.apple.com\/es\/app\/amigos-invisibles-easy-santa\/id1213490940\" target=\"_blank\" rel=\"noopener\"><img loading=\"lazy\" decoding=\"async\" aria-describedby=\"caption-attachment-144\" class=\"wp-image-144 size-medium\" src=\"http:\/\/www.easysanta.com\/easy_santa_web\/wp-content\/uploads\/2017\/02\/App-Store-Manzana-300x104.png\" alt=\"App Store\" width=\"300\" height=\"104\" srcset=\"https:\/\/www.easysanta.com\/easy_santa_web\/wp-content\/uploads\/2017\/02\/App-Store-Manzana-300x104.png 300w, https:\/\/www.easysanta.com\/easy_santa_web\/wp-content\/uploads\/2017\/02\/App-Store-Manzana.png 382w\" sizes=\"auto, (max-width: 300px) 100vw, 300px\" \/><\/a><p id=\"caption-attachment-144\" class=\"wp-caption-text\">Easy Santa en App Store<\/p><\/div>\n<p><span style=\"font-size: 14pt; color: #00b248;\"><strong>Esta es la App que estabas buscando. \u00a1Comp\u00e1rtela con tus amistades y empieza a realizar sorteos ya! <\/strong><\/span><\/p>\n<p><span style=\"color: #d500f9; font-size: 18pt;\"><strong>\u00a1Pensamos que te va a encantar!<\/strong><\/span><\/p>\n<p>Puedes acceder a la <span style=\"color: #c7b800;\"><strong><a style=\"color: #c7b800;\" href=\"https:\/\/app.easysanta.com\/\">versi\u00f3n web<\/a><\/strong><\/span> y ver\u00e1s qu\u00e9 sencillo es realizar sorteos con nuestra App.<\/p>\n<p>El equipo de <span style=\"font-size: 18pt; color: #00b248;\"><strong>Easy Santa<\/strong><\/span>.<\/p>\n<p><img loading=\"lazy\" decoding=\"async\" class=\"alignnone size-full wp-image-1264\" src=\"http:\/\/www.easysanta.com\/easy_santa_web\/wp-content\/uploads\/2024\/01\/easy-santa-banner-ia-1.jpg\" alt=\"\" width=\"1024\" height=\"1024\" srcset=\"https:\/\/www.easysanta.com\/easy_santa_web\/wp-content\/uploads\/2024\/01\/easy-santa-banner-ia-1.jpg 1024w, https:\/\/www.easysanta.com\/easy_santa_web\/wp-content\/uploads\/2024\/01\/easy-santa-banner-ia-1-300x300.jpg 300w, https:\/\/www.easysanta.com\/easy_santa_web\/wp-content\/uploads\/2024\/01\/easy-santa-banner-ia-1-150x150.jpg 150w, https:\/\/www.easysanta.com\/easy_santa_web\/wp-content\/uploads\/2024\/01\/easy-santa-banner-ia-1-768x768.jpg 768w, https:\/\/www.easysanta.com\/easy_santa_web\/wp-content\/uploads\/2024\/01\/easy-santa-banner-ia-1-80x80.jpg 80w, https:\/\/www.easysanta.com\/easy_santa_web\/wp-content\/uploads\/2024\/01\/easy-santa-banner-ia-1-320x320.jpg 320w\" sizes=\"auto, (max-width: 1024px) 100vw, 1024px\" \/><\/p>\n<div class=\"mceTemp\"><\/div>\n<p style=\"text-align: center;\">\n","protected":false},"excerpt":{"rendered":"<p>EasySanta es la App m\u00e1s descargada para realizar sorteos de Amigos Invisibles (Secret Santa), para intercambiar regalos en Navidad. Adem\u00e1s, la App de los Amigos Invisibles, Amigos Secretos o Secret Santa es la mejor&#46;&#46;&#46;<\/p>\n","protected":false},"author":1,"featured_media":820,"parent":0,"menu_order":0,"comment_status":"closed","ping_status":"closed","template":"","meta":{"_exactmetrics_skip_tracking":false,"_exactmetrics_sitenote_active":false,"_exactmetrics_sitenote_note":"","_exactmetrics_sitenote_category":0,"footnotes":""},"class_list":["post-66","page","type-page","status-publish","has-post-thumbnail","hentry"],"yoast_head":"<!-- This site is optimized with the Yoast SEO plugin v27.3 - https:\/\/yoast.com\/product\/yoast-seo-wordpress\/ -->\n<title>Sorteo Amigo Invisible Navidad - EasySanta<\/title>\n<meta name=\"description\" content=\"Sorteo Amigo Invisible Navidad - EasySanta es la mejor app para sortear Amigos Invisibles, Amigos secretos o Secret Santa.\" \/>\n<meta name=\"robots\" content=\"index, follow, max-snippet:-1, max-image-preview:large, max-video-preview:-1\" \/>\n<link rel=\"canonical\" href=\"https:\/\/www.easysanta.com\/easy_santa_web\/es\/easy-santa-sorteos-amigos-invisibles-navidad\/\" \/>\n<meta property=\"og:locale\" content=\"es_ES\" \/>\n<meta property=\"og:type\" content=\"article\" \/>\n<meta property=\"og:title\" content=\"Sorteo Amigo Invisible Navidad - EasySanta\" \/>\n<meta property=\"og:description\" content=\"Sorteo Amigo Invisible Navidad - EasySanta es la mejor app para sortear Amigos Invisibles, Amigos secretos o Secret Santa.\" \/>\n<meta property=\"og:url\" content=\"https:\/\/www.easysanta.com\/easy_santa_web\/es\/easy-santa-sorteos-amigos-invisibles-navidad\/\" \/>\n<meta property=\"og:site_name\" content=\"Amigos invisibles - Easy Secret Santa\" \/>\n<meta property=\"article:publisher\" content=\"https:\/\/www.facebook.com\/easysanta\/\" \/>\n<meta property=\"article:modified_time\" content=\"2024-08-10T10:04:34+00:00\" \/>\n<meta property=\"og:image\" content=\"http:\/\/www.easysanta.com\/easy_santa_web\/wp-content\/uploads\/2020\/05\/icon-1024.png\" \/>\n\t<meta property=\"og:image:width\" content=\"1024\" \/>\n\t<meta property=\"og:image:height\" content=\"1024\" \/>\n\t<meta property=\"og:image:type\" content=\"image\/png\" \/>\n<meta name=\"twitter:card\" content=\"summary_large_image\" \/>\n<meta name=\"twitter:site\" content=\"@easysanta\" \/>\n<meta name=\"twitter:label1\" content=\"Tiempo de lectura\" \/>\n\t<meta name=\"twitter:data1\" content=\"4 minutos\" \/>\n<script type=\"application\/ld+json\" class=\"yoast-schema-graph\">{\"@context\":\"https:\\\/\\\/schema.org\",\"@graph\":[{\"@type\":\"WebPage\",\"@id\":\"https:\\\/\\\/www.easysanta.com\\\/easy_santa_web\\\/es\\\/easy-santa-sorteos-amigos-invisibles-navidad\\\/\",\"url\":\"https:\\\/\\\/www.easysanta.com\\\/easy_santa_web\\\/es\\\/easy-santa-sorteos-amigos-invisibles-navidad\\\/\",\"name\":\"Sorteo Amigo Invisible Navidad - EasySanta\",\"isPartOf\":{\"@id\":\"https:\\\/\\\/www.easysanta.com\\\/easy_santa_web\\\/#website\"},\"primaryImageOfPage\":{\"@id\":\"https:\\\/\\\/www.easysanta.com\\\/easy_santa_web\\\/es\\\/easy-santa-sorteos-amigos-invisibles-navidad\\\/#primaryimage\"},\"image\":{\"@id\":\"https:\\\/\\\/www.easysanta.com\\\/easy_santa_web\\\/es\\\/easy-santa-sorteos-amigos-invisibles-navidad\\\/#primaryimage\"},\"thumbnailUrl\":\"https:\\\/\\\/www.easysanta.com\\\/easy_santa_web\\\/wp-content\\\/uploads\\\/2020\\\/05\\\/icon-1024.png\",\"datePublished\":\"2017-02-23T17:21:30+00:00\",\"dateModified\":\"2024-08-10T10:04:34+00:00\",\"description\":\"Sorteo Amigo Invisible Navidad - EasySanta es la mejor app para sortear Amigos Invisibles, Amigos secretos o Secret Santa.\",\"breadcrumb\":{\"@id\":\"https:\\\/\\\/www.easysanta.com\\\/easy_santa_web\\\/es\\\/easy-santa-sorteos-amigos-invisibles-navidad\\\/#breadcrumb\"},\"inLanguage\":\"es\",\"potentialAction\":[{\"@type\":\"ReadAction\",\"target\":[\"https:\\\/\\\/www.easysanta.com\\\/easy_santa_web\\\/es\\\/easy-santa-sorteos-amigos-invisibles-navidad\\\/\"]}]},{\"@type\":\"ImageObject\",\"inLanguage\":\"es\",\"@id\":\"https:\\\/\\\/www.easysanta.com\\\/easy_santa_web\\\/es\\\/easy-santa-sorteos-amigos-invisibles-navidad\\\/#primaryimage\",\"url\":\"https:\\\/\\\/www.easysanta.com\\\/easy_santa_web\\\/wp-content\\\/uploads\\\/2020\\\/05\\\/icon-1024.png\",\"contentUrl\":\"https:\\\/\\\/www.easysanta.com\\\/easy_santa_web\\\/wp-content\\\/uploads\\\/2020\\\/05\\\/icon-1024.png\",\"width\":1024,\"height\":1024,\"caption\":\"Easy Secret Santa - Amigos Invisibles\"},{\"@type\":\"BreadcrumbList\",\"@id\":\"https:\\\/\\\/www.easysanta.com\\\/easy_santa_web\\\/es\\\/easy-santa-sorteos-amigos-invisibles-navidad\\\/#breadcrumb\",\"itemListElement\":[{\"@type\":\"ListItem\",\"position\":1,\"name\":\"Portada\",\"item\":\"https:\\\/\\\/www.easysanta.com\\\/easy_santa_web\\\/es\\\/easy-santa-sorteos-amigos-invisibles-navidad\\\/\"},{\"@type\":\"ListItem\",\"position\":2,\"name\":\"EasySanta, sorteo de Amigos Invisibles en Navidad\"}]},{\"@type\":\"WebSite\",\"@id\":\"https:\\\/\\\/www.easysanta.com\\\/easy_santa_web\\\/#website\",\"url\":\"https:\\\/\\\/www.easysanta.com\\\/easy_santa_web\\\/\",\"name\":\"Amigos invisibles - Easy Secret Santa\",\"description\":\"La App de los Amigos Invisibles o Amigos Secretos\",\"publisher\":{\"@id\":\"https:\\\/\\\/www.easysanta.com\\\/easy_santa_web\\\/#organization\"},\"potentialAction\":[{\"@type\":\"SearchAction\",\"target\":{\"@type\":\"EntryPoint\",\"urlTemplate\":\"https:\\\/\\\/www.easysanta.com\\\/easy_santa_web\\\/?s={search_term_string}\"},\"query-input\":{\"@type\":\"PropertyValueSpecification\",\"valueRequired\":true,\"valueName\":\"search_term_string\"}}],\"inLanguage\":\"es\"},{\"@type\":\"Organization\",\"@id\":\"https:\\\/\\\/www.easysanta.com\\\/easy_santa_web\\\/#organization\",\"name\":\"Easy Santa\",\"url\":\"https:\\\/\\\/www.easysanta.com\\\/easy_santa_web\\\/\",\"logo\":{\"@type\":\"ImageObject\",\"inLanguage\":\"es\",\"@id\":\"https:\\\/\\\/www.easysanta.com\\\/easy_santa_web\\\/#\\\/schema\\\/logo\\\/image\\\/\",\"url\":\"https:\\\/\\\/www.easysanta.com\\\/easy_santa_web\\\/wp-content\\\/uploads\\\/2017\\\/02\\\/easysanta-logo-con-letras-carita-verde-tama\u00f1o-reducido.png\",\"contentUrl\":\"https:\\\/\\\/www.easysanta.com\\\/easy_santa_web\\\/wp-content\\\/uploads\\\/2017\\\/02\\\/easysanta-logo-con-letras-carita-verde-tama\u00f1o-reducido.png\",\"width\":631,\"height\":256,\"caption\":\"Easy Santa\"},\"image\":{\"@id\":\"https:\\\/\\\/www.easysanta.com\\\/easy_santa_web\\\/#\\\/schema\\\/logo\\\/image\\\/\"},\"sameAs\":[\"https:\\\/\\\/www.facebook.com\\\/easysanta\\\/\",\"https:\\\/\\\/x.com\\\/easysanta\",\"https:\\\/\\\/www.youtube.com\\\/channel\\\/UC15F1jox2KI8B_Sh3PASdsA\"]}]}<\/script>\n<!-- \/ Yoast SEO plugin. -->","yoast_head_json":{"title":"Sorteo Amigo Invisible Navidad - EasySanta","description":"Sorteo Amigo Invisible Navidad - EasySanta es la mejor app para sortear Amigos Invisibles, Amigos secretos o Secret Santa.","robots":{"index":"index","follow":"follow","max-snippet":"max-snippet:-1","max-image-preview":"max-image-preview:large","max-video-preview":"max-video-preview:-1"},"canonical":"https:\/\/www.easysanta.com\/easy_santa_web\/es\/easy-santa-sorteos-amigos-invisibles-navidad\/","og_locale":"es_ES","og_type":"article","og_title":"Sorteo Amigo Invisible Navidad - EasySanta","og_description":"Sorteo Amigo Invisible Navidad - EasySanta es la mejor app para sortear Amigos Invisibles, Amigos secretos o Secret Santa.","og_url":"https:\/\/www.easysanta.com\/easy_santa_web\/es\/easy-santa-sorteos-amigos-invisibles-navidad\/","og_site_name":"Amigos invisibles - Easy Secret Santa","article_publisher":"https:\/\/www.facebook.com\/easysanta\/","article_modified_time":"2024-08-10T10:04:34+00:00","og_image":[{"width":1024,"height":1024,"url":"http:\/\/www.easysanta.com\/easy_santa_web\/wp-content\/uploads\/2020\/05\/icon-1024.png","type":"image\/png"}],"twitter_card":"summary_large_image","twitter_site":"@easysanta","twitter_misc":{"Tiempo de lectura":"4 minutos"},"schema":{"@context":"https:\/\/schema.org","@graph":[{"@type":"WebPage","@id":"https:\/\/www.easysanta.com\/easy_santa_web\/es\/easy-santa-sorteos-amigos-invisibles-navidad\/","url":"https:\/\/www.easysanta.com\/easy_santa_web\/es\/easy-santa-sorteos-amigos-invisibles-navidad\/","name":"Sorteo Amigo Invisible Navidad - EasySanta","isPartOf":{"@id":"https:\/\/www.easysanta.com\/easy_santa_web\/#website"},"primaryImageOfPage":{"@id":"https:\/\/www.easysanta.com\/easy_santa_web\/es\/easy-santa-sorteos-amigos-invisibles-navidad\/#primaryimage"},"image":{"@id":"https:\/\/www.easysanta.com\/easy_santa_web\/es\/easy-santa-sorteos-amigos-invisibles-navidad\/#primaryimage"},"thumbnailUrl":"https:\/\/www.easysanta.com\/easy_santa_web\/wp-content\/uploads\/2020\/05\/icon-1024.png","datePublished":"2017-02-23T17:21:30+00:00","dateModified":"2024-08-10T10:04:34+00:00","description":"Sorteo Amigo Invisible Navidad - EasySanta es la mejor app para sortear Amigos Invisibles, Amigos secretos o Secret Santa.","breadcrumb":{"@id":"https:\/\/www.easysanta.com\/easy_santa_web\/es\/easy-santa-sorteos-amigos-invisibles-navidad\/#breadcrumb"},"inLanguage":"es","potentialAction":[{"@type":"ReadAction","target":["https:\/\/www.easysanta.com\/easy_santa_web\/es\/easy-santa-sorteos-amigos-invisibles-navidad\/"]}]},{"@type":"ImageObject","inLanguage":"es","@id":"https:\/\/www.easysanta.com\/easy_santa_web\/es\/easy-santa-sorteos-amigos-invisibles-navidad\/#primaryimage","url":"https:\/\/www.easysanta.com\/easy_santa_web\/wp-content\/uploads\/2020\/05\/icon-1024.png","contentUrl":"https:\/\/www.easysanta.com\/easy_santa_web\/wp-content\/uploads\/2020\/05\/icon-1024.png","width":1024,"height":1024,"caption":"Easy Secret Santa - Amigos Invisibles"},{"@type":"BreadcrumbList","@id":"https:\/\/www.easysanta.com\/easy_santa_web\/es\/easy-santa-sorteos-amigos-invisibles-navidad\/#breadcrumb","itemListElement":[{"@type":"ListItem","position":1,"name":"Portada","item":"https:\/\/www.easysanta.com\/easy_santa_web\/es\/easy-santa-sorteos-amigos-invisibles-navidad\/"},{"@type":"ListItem","position":2,"name":"EasySanta, sorteo de Amigos Invisibles en Navidad"}]},{"@type":"WebSite","@id":"https:\/\/www.easysanta.com\/easy_santa_web\/#website","url":"https:\/\/www.easysanta.com\/easy_santa_web\/","name":"Amigos invisibles - Easy Secret Santa","description":"La App de los Amigos Invisibles o Amigos Secretos","publisher":{"@id":"https:\/\/www.easysanta.com\/easy_santa_web\/#organization"},"potentialAction":[{"@type":"SearchAction","target":{"@type":"EntryPoint","urlTemplate":"https:\/\/www.easysanta.com\/easy_santa_web\/?s={search_term_string}"},"query-input":{"@type":"PropertyValueSpecification","valueRequired":true,"valueName":"search_term_string"}}],"inLanguage":"es"},{"@type":"Organization","@id":"https:\/\/www.easysanta.com\/easy_santa_web\/#organization","name":"Easy Santa","url":"https:\/\/www.easysanta.com\/easy_santa_web\/","logo":{"@type":"ImageObject","inLanguage":"es","@id":"https:\/\/www.easysanta.com\/easy_santa_web\/#\/schema\/logo\/image\/","url":"https:\/\/www.easysanta.com\/easy_santa_web\/wp-content\/uploads\/2017\/02\/easysanta-logo-con-letras-carita-verde-tama\u00f1o-reducido.png","contentUrl":"https:\/\/www.easysanta.com\/easy_santa_web\/wp-content\/uploads\/2017\/02\/easysanta-logo-con-letras-carita-verde-tama\u00f1o-reducido.png","width":631,"height":256,"caption":"Easy Santa"},"image":{"@id":"https:\/\/www.easysanta.com\/easy_santa_web\/#\/schema\/logo\/image\/"},"sameAs":["https:\/\/www.facebook.com\/easysanta\/","https:\/\/x.com\/easysanta","https:\/\/www.youtube.com\/channel\/UC15F1jox2KI8B_Sh3PASdsA"]}]}},"jetpack_likes_enabled":true,"jetpack_sharing_enabled":true,"_links":{"self":[{"href":"https:\/\/www.easysanta.com\/easy_santa_web\/wp-json\/wp\/v2\/pages\/66","targetHints":{"allow":["GET"]}}],"collection":[{"href":"https:\/\/www.easysanta.com\/easy_santa_web\/wp-json\/wp\/v2\/pages"}],"about":[{"href":"https:\/\/www.easysanta.com\/easy_santa_web\/wp-json\/wp\/v2\/types\/page"}],"author":[{"embeddable":true,"href":"https:\/\/www.easysanta.com\/easy_santa_web\/wp-json\/wp\/v2\/users\/1"}],"replies":[{"embeddable":true,"href":"https:\/\/www.easysanta.com\/easy_santa_web\/wp-json\/wp\/v2\/comments?post=66"}],"version-history":[{"count":54,"href":"https:\/\/www.easysanta.com\/easy_santa_web\/wp-json\/wp\/v2\/pages\/66\/revisions"}],"predecessor-version":[{"id":1285,"href":"https:\/\/www.easysanta.com\/easy_santa_web\/wp-json\/wp\/v2\/pages\/66\/revisions\/1285"}],"wp:featuredmedia":[{"embeddable":true,"href":"https:\/\/www.easysanta.com\/easy_santa_web\/wp-json\/wp\/v2\/media\/820"}],"wp:attachment":[{"href":"https:\/\/www.easysanta.com\/easy_santa_web\/wp-json\/wp\/v2\/media?parent=66"}],"curies":[{"name":"wp","href":"https:\/\/api.w.org\/{rel}","templated":true}]}}