{"id":910,"date":"2020-11-19T09:22:46","date_gmt":"2020-11-19T09:22:46","guid":{"rendered":"http:\/\/www.easysanta.com\/easy_santa_web\/?page_id=910"},"modified":"2020-11-28T12:54:33","modified_gmt":"2020-11-28T12:54:33","slug":"easy-santa-version-web","status":"publish","type":"page","link":"http:\/\/www.easysanta.com\/easy_santa_web\/es\/easy-santa-version-web\/","title":{"rendered":"Easy Santa versi\u00f3n Web"},"content":{"rendered":"<p>Ahora <strong>ya no es necesario<\/strong> que te descargues la App desde las tiendas de Google o de Apple. Simplemente abre tu navegador web preferido y accede a la App tecleando <strong><span style=\"color: #c7b800;\"><a style=\"color: #c7b800;\" href=\"https:\/\/app.easysanta.com\" target=\"_blank\" rel=\"noopener noreferrer\">https:\/\/app.easysanta.com<\/a><\/span><\/strong> y ya tendr\u00e1s acceso a la <strong><span style=\"color: #c7b800;\"><a style=\"color: #c7b800;\" href=\"https:\/\/app.easysanta.com\" target=\"_blank\" rel=\"noopener noreferrer\"><span style=\"font-size: 14pt;\">versi\u00f3n web de Easy Santa<\/span><\/a><\/span><\/strong>.<\/p>\n<p>Con la versi\u00f3n web de <span style=\"color: #00b248;\"><strong>Easy Santa<\/strong><\/span> podr\u00e1s registrarte con tu correo electr\u00f3nico o con tu n\u00famero de tel\u00e9fono m\u00f3vil. Es decir, podr\u00e1s crear juegos de amigos invisibles con tu correo electr\u00f3nico o con tu n\u00famero de tel\u00e9fono m\u00f3vil, dependiendo de c\u00f3mo te hayas registrado.<\/p>\n<p>La versi\u00f3n web de Easy Santa tiene exactamente la misma funcionalidad que las versiones nativas para tel\u00e9fonos m\u00f3viles de Android e IOS, teniendo la ventaja de que <strong>no ocupan espacio en tu memoria del tel\u00e9fono m\u00f3vil<\/strong> y, adem\u00e1s, <strong>puedes acceder<\/strong> a ella <strong>desde cualquier dispositivo con cualquier sistema operativo<\/strong>. Puedes ver las <span style=\"color: #bb002f;\"><strong><a style=\"color: #bb002f;\" href=\"https:\/\/www.easysanta.com\/easy_santa_web\/es\/funciones\/\">funcionalidades completas de la App en esta p\u00e1gina<\/a><\/strong><\/span>.<\/p>\n<p><span style=\"font-size: 14pt; color: #9e00c5;\"><strong>\u00a1Te animamos a que realices los sorteos de los Amigos Invisibles de las Navidades con Easy Santa!<\/strong><\/span><\/p>\n<h2>Acceso directo<\/h2>\n<p>Para que te sea m\u00e1s sencillo de localizar la App y no tengas que teclear su direcci\u00f3n constantemente de forma que se comporte al estilo de una App nativa, <span style=\"color: #ff6600;\"><strong>puedes crear un acceso directo a la URL de la App en tu escritorio<\/strong><\/span> y la tendr\u00e1s accesible mediante un icono en el mismo. La forma de hacerlo es acceder a <strong><span style=\"color: #c7b800;\"><a style=\"color: #c7b800;\" href=\"https:\/\/app.easysanta.com\">https:\/\/app.easysanta.com<\/a><\/span><\/strong> con tu navegador preferido y luego seguir las instrucciones que te indicamos a continuaci\u00f3n, seg\u00fan el sistema operativo.<\/p>\n<h3>Windows \/ Chrome<\/h3>\n<p>Ve al men\u00fa del navegador y sigue la siguiente navegaci\u00f3n:<\/p>\n<p>||| <strong>M\u00e1s herramientas<\/strong> | <strong>Crear acceso directo<\/strong><\/p>\n<h3>Windows \/ Internet Explorer<\/h3>\n<p>Ve al men\u00fa del navegador y sigue la siguiente navegaci\u00f3n:<\/p>\n<p>||| <strong>Aplicaciones<\/strong> | <strong>Instalar este sitio como una aplicaci\u00f3n<\/strong><\/p>\n<h3>Android \/ Chrome<\/h3>\n<p>Ve al men\u00fa del navegador y sigue la siguiente navegaci\u00f3n:<\/p>\n<p>||| <strong>Herramientas<\/strong> | <strong>Crear acceso directo<\/strong><\/p>\n<h3>IOS \/ Safari<\/h3>\n<p>Arrastra la URL de la App al Dock o al escritorio.<\/p>\n","protected":false},"excerpt":{"rendered":"<p>Ahora ya no es necesario que te descargues la App desde las tiendas de Google o de Apple. Simplemente abre tu navegador web preferido y accede a la App tecleando https:\/\/app.easysanta.com y ya tendr\u00e1s&#46;&#46;&#46;<\/p>\n","protected":false},"author":1,"featured_media":0,"parent":0,"menu_order":0,"comment_status":"closed","ping_status":"closed","template":"","meta":{"_exactmetrics_skip_tracking":false,"_exactmetrics_sitenote_active":false,"_exactmetrics_sitenote_note":"","_exactmetrics_sitenote_category":0,"footnotes":""},"class_list":["post-910","page","type-page","status-publish","hentry"],"yoast_head":"<!-- This site is optimized with the Yoast SEO plugin v27.4 - https:\/\/yoast.com\/product\/yoast-seo-wordpress\/ -->\n<title>Easy Santa versi\u00f3n Web - Amigos invisibles - Easy Secret Santa<\/title>\n<meta name=\"description\" content=\"Ya est\u00e1 disponible la versi\u00f3n web de Easy Santa para acceder desde cualquier dispositivo con cualquier sistema operativo.\" \/>\n<meta name=\"robots\" content=\"index, follow, max-snippet:-1, max-image-preview:large, max-video-preview:-1\" \/>\n<link rel=\"canonical\" href=\"http:\/\/www.easysanta.com\/easy_santa_web\/es\/easy-santa-version-web\/\" \/>\n<meta property=\"og:locale\" content=\"es_ES\" \/>\n<meta property=\"og:type\" content=\"article\" \/>\n<meta property=\"og:title\" content=\"Easy Santa versi\u00f3n Web - Amigos invisibles - Easy Secret Santa\" \/>\n<meta property=\"og:description\" content=\"Ya est\u00e1 disponible la versi\u00f3n web de Easy Santa para acceder desde cualquier dispositivo con cualquier sistema operativo.\" \/>\n<meta property=\"og:url\" content=\"http:\/\/www.easysanta.com\/easy_santa_web\/es\/easy-santa-version-web\/\" \/>\n<meta property=\"og:site_name\" content=\"Amigos invisibles - Easy Secret Santa\" \/>\n<meta property=\"article:publisher\" content=\"https:\/\/www.facebook.com\/easysanta\/\" \/>\n<meta property=\"article:modified_time\" content=\"2020-11-28T12:54:33+00:00\" \/>\n<meta name=\"twitter:card\" content=\"summary_large_image\" \/>\n<meta name=\"twitter:site\" content=\"@easysanta\" \/>\n<meta name=\"twitter:label1\" content=\"Tiempo de lectura\" \/>\n\t<meta name=\"twitter:data1\" content=\"2 minutos\" \/>\n<script type=\"application\/ld+json\" class=\"yoast-schema-graph\">{\"@context\":\"https:\\\/\\\/schema.org\",\"@graph\":[{\"@type\":\"WebPage\",\"@id\":\"http:\\\/\\\/www.easysanta.com\\\/easy_santa_web\\\/es\\\/easy-santa-version-web\\\/\",\"url\":\"http:\\\/\\\/www.easysanta.com\\\/easy_santa_web\\\/es\\\/easy-santa-version-web\\\/\",\"name\":\"Easy Santa versi\u00f3n Web - Amigos invisibles - Easy Secret Santa\",\"isPartOf\":{\"@id\":\"http:\\\/\\\/www.easysanta.com\\\/easy_santa_web\\\/#website\"},\"datePublished\":\"2020-11-19T09:22:46+00:00\",\"dateModified\":\"2020-11-28T12:54:33+00:00\",\"description\":\"Ya est\u00e1 disponible la versi\u00f3n web de Easy Santa para acceder desde cualquier dispositivo con cualquier sistema operativo.\",\"breadcrumb\":{\"@id\":\"http:\\\/\\\/www.easysanta.com\\\/easy_santa_web\\\/es\\\/easy-santa-version-web\\\/#breadcrumb\"},\"inLanguage\":\"es\",\"potentialAction\":[{\"@type\":\"ReadAction\",\"target\":[\"http:\\\/\\\/www.easysanta.com\\\/easy_santa_web\\\/es\\\/easy-santa-version-web\\\/\"]}]},{\"@type\":\"BreadcrumbList\",\"@id\":\"http:\\\/\\\/www.easysanta.com\\\/easy_santa_web\\\/es\\\/easy-santa-version-web\\\/#breadcrumb\",\"itemListElement\":[{\"@type\":\"ListItem\",\"position\":1,\"name\":\"Portada\",\"item\":\"https:\\\/\\\/www.easysanta.com\\\/easy_santa_web\\\/es\\\/easy-santa-sorteos-amigos-invisibles-navidad\\\/\"},{\"@type\":\"ListItem\",\"position\":2,\"name\":\"Easy Santa versi\u00f3n Web\"}]},{\"@type\":\"WebSite\",\"@id\":\"http:\\\/\\\/www.easysanta.com\\\/easy_santa_web\\\/#website\",\"url\":\"http:\\\/\\\/www.easysanta.com\\\/easy_santa_web\\\/\",\"name\":\"Amigos invisibles - Easy Secret Santa\",\"description\":\"La App de los Amigos Invisibles o Amigos Secretos\",\"publisher\":{\"@id\":\"http:\\\/\\\/www.easysanta.com\\\/easy_santa_web\\\/#organization\"},\"potentialAction\":[{\"@type\":\"SearchAction\",\"target\":{\"@type\":\"EntryPoint\",\"urlTemplate\":\"http:\\\/\\\/www.easysanta.com\\\/easy_santa_web\\\/?s={search_term_string}\"},\"query-input\":{\"@type\":\"PropertyValueSpecification\",\"valueRequired\":true,\"valueName\":\"search_term_string\"}}],\"inLanguage\":\"es\"},{\"@type\":\"Organization\",\"@id\":\"http:\\\/\\\/www.easysanta.com\\\/easy_santa_web\\\/#organization\",\"name\":\"Easy Santa\",\"url\":\"http:\\\/\\\/www.easysanta.com\\\/easy_santa_web\\\/\",\"logo\":{\"@type\":\"ImageObject\",\"inLanguage\":\"es\",\"@id\":\"http:\\\/\\\/www.easysanta.com\\\/easy_santa_web\\\/#\\\/schema\\\/logo\\\/image\\\/\",\"url\":\"http:\\\/\\\/www.easysanta.com\\\/easy_santa_web\\\/wp-content\\\/uploads\\\/2017\\\/02\\\/easysanta-logo-con-letras-carita-verde-tama\u00f1o-reducido.png\",\"contentUrl\":\"http:\\\/\\\/www.easysanta.com\\\/easy_santa_web\\\/wp-content\\\/uploads\\\/2017\\\/02\\\/easysanta-logo-con-letras-carita-verde-tama\u00f1o-reducido.png\",\"width\":631,\"height\":256,\"caption\":\"Easy Santa\"},\"image\":{\"@id\":\"http:\\\/\\\/www.easysanta.com\\\/easy_santa_web\\\/#\\\/schema\\\/logo\\\/image\\\/\"},\"sameAs\":[\"https:\\\/\\\/www.facebook.com\\\/easysanta\\\/\",\"https:\\\/\\\/x.com\\\/easysanta\",\"https:\\\/\\\/www.youtube.com\\\/channel\\\/UC15F1jox2KI8B_Sh3PASdsA\"]}]}<\/script>\n<!-- \/ Yoast SEO plugin. -->","yoast_head_json":{"title":"Easy Santa versi\u00f3n Web - Amigos invisibles - Easy Secret Santa","description":"Ya est\u00e1 disponible la versi\u00f3n web de Easy Santa para acceder desde cualquier dispositivo con cualquier sistema operativo.","robots":{"index":"index","follow":"follow","max-snippet":"max-snippet:-1","max-image-preview":"max-image-preview:large","max-video-preview":"max-video-preview:-1"},"canonical":"http:\/\/www.easysanta.com\/easy_santa_web\/es\/easy-santa-version-web\/","og_locale":"es_ES","og_type":"article","og_title":"Easy Santa versi\u00f3n Web - Amigos invisibles - Easy Secret Santa","og_description":"Ya est\u00e1 disponible la versi\u00f3n web de Easy Santa para acceder desde cualquier dispositivo con cualquier sistema operativo.","og_url":"http:\/\/www.easysanta.com\/easy_santa_web\/es\/easy-santa-version-web\/","og_site_name":"Amigos invisibles - Easy Secret Santa","article_publisher":"https:\/\/www.facebook.com\/easysanta\/","article_modified_time":"2020-11-28T12:54:33+00:00","twitter_card":"summary_large_image","twitter_site":"@easysanta","twitter_misc":{"Tiempo de lectura":"2 minutos"},"schema":{"@context":"https:\/\/schema.org","@graph":[{"@type":"WebPage","@id":"http:\/\/www.easysanta.com\/easy_santa_web\/es\/easy-santa-version-web\/","url":"http:\/\/www.easysanta.com\/easy_santa_web\/es\/easy-santa-version-web\/","name":"Easy Santa versi\u00f3n Web - Amigos invisibles - Easy Secret Santa","isPartOf":{"@id":"http:\/\/www.easysanta.com\/easy_santa_web\/#website"},"datePublished":"2020-11-19T09:22:46+00:00","dateModified":"2020-11-28T12:54:33+00:00","description":"Ya est\u00e1 disponible la versi\u00f3n web de Easy Santa para acceder desde cualquier dispositivo con cualquier sistema operativo.","breadcrumb":{"@id":"http:\/\/www.easysanta.com\/easy_santa_web\/es\/easy-santa-version-web\/#breadcrumb"},"inLanguage":"es","potentialAction":[{"@type":"ReadAction","target":["http:\/\/www.easysanta.com\/easy_santa_web\/es\/easy-santa-version-web\/"]}]},{"@type":"BreadcrumbList","@id":"http:\/\/www.easysanta.com\/easy_santa_web\/es\/easy-santa-version-web\/#breadcrumb","itemListElement":[{"@type":"ListItem","position":1,"name":"Portada","item":"https:\/\/www.easysanta.com\/easy_santa_web\/es\/easy-santa-sorteos-amigos-invisibles-navidad\/"},{"@type":"ListItem","position":2,"name":"Easy Santa versi\u00f3n Web"}]},{"@type":"WebSite","@id":"http:\/\/www.easysanta.com\/easy_santa_web\/#website","url":"http:\/\/www.easysanta.com\/easy_santa_web\/","name":"Amigos invisibles - Easy Secret Santa","description":"La App de los Amigos Invisibles o Amigos Secretos","publisher":{"@id":"http:\/\/www.easysanta.com\/easy_santa_web\/#organization"},"potentialAction":[{"@type":"SearchAction","target":{"@type":"EntryPoint","urlTemplate":"http:\/\/www.easysanta.com\/easy_santa_web\/?s={search_term_string}"},"query-input":{"@type":"PropertyValueSpecification","valueRequired":true,"valueName":"search_term_string"}}],"inLanguage":"es"},{"@type":"Organization","@id":"http:\/\/www.easysanta.com\/easy_santa_web\/#organization","name":"Easy Santa","url":"http:\/\/www.easysanta.com\/easy_santa_web\/","logo":{"@type":"ImageObject","inLanguage":"es","@id":"http:\/\/www.easysanta.com\/easy_santa_web\/#\/schema\/logo\/image\/","url":"http:\/\/www.easysanta.com\/easy_santa_web\/wp-content\/uploads\/2017\/02\/easysanta-logo-con-letras-carita-verde-tama\u00f1o-reducido.png","contentUrl":"http:\/\/www.easysanta.com\/easy_santa_web\/wp-content\/uploads\/2017\/02\/easysanta-logo-con-letras-carita-verde-tama\u00f1o-reducido.png","width":631,"height":256,"caption":"Easy Santa"},"image":{"@id":"http:\/\/www.easysanta.com\/easy_santa_web\/#\/schema\/logo\/image\/"},"sameAs":["https:\/\/www.facebook.com\/easysanta\/","https:\/\/x.com\/easysanta","https:\/\/www.youtube.com\/channel\/UC15F1jox2KI8B_Sh3PASdsA"]}]}},"jetpack_likes_enabled":true,"jetpack_sharing_enabled":true,"_links":{"self":[{"href":"http:\/\/www.easysanta.com\/easy_santa_web\/wp-json\/wp\/v2\/pages\/910","targetHints":{"allow":["GET"]}}],"collection":[{"href":"http:\/\/www.easysanta.com\/easy_santa_web\/wp-json\/wp\/v2\/pages"}],"about":[{"href":"http:\/\/www.easysanta.com\/easy_santa_web\/wp-json\/wp\/v2\/types\/page"}],"author":[{"embeddable":true,"href":"http:\/\/www.easysanta.com\/easy_santa_web\/wp-json\/wp\/v2\/users\/1"}],"replies":[{"embeddable":true,"href":"http:\/\/www.easysanta.com\/easy_santa_web\/wp-json\/wp\/v2\/comments?post=910"}],"version-history":[{"count":2,"href":"http:\/\/www.easysanta.com\/easy_santa_web\/wp-json\/wp\/v2\/pages\/910\/revisions"}],"predecessor-version":[{"id":954,"href":"http:\/\/www.easysanta.com\/easy_santa_web\/wp-json\/wp\/v2\/pages\/910\/revisions\/954"}],"wp:attachment":[{"href":"http:\/\/www.easysanta.com\/easy_santa_web\/wp-json\/wp\/v2\/media?parent=910"}],"curies":[{"name":"wp","href":"https:\/\/api.w.org\/{rel}","templated":true}]}}