{"id":70,"date":"2017-02-23T17:22:26","date_gmt":"2017-02-23T17:22:26","guid":{"rendered":"http:\/\/localhost\/easy_santa_web\/?page_id=70"},"modified":"2017-04-08T20:56:45","modified_gmt":"2017-04-08T20:56:45","slug":"android","status":"publish","type":"page","link":"http:\/\/www.easysanta.com\/easy_santa_web\/es\/android\/","title":{"rendered":"Android"},"content":{"rendered":"<p>Easy Santa para Android est\u00e1 disponible en versi\u00f3n gratuita.<\/p>\n<p>Al ser una versi\u00f3n gratuita, insertamos publicidad en la misma pero, en cualquier momento, puedes realizar una aportaci\u00f3n econ\u00f3mica y eliminaremos la publicidad en tu App durante el periodo de un a\u00f1o.<\/p>\n<p>Necesitas tener un dispositivo con la versi\u00f3n 4.1 como m\u00ednimo.<\/p>\n<p>&nbsp;<\/p>\n<p>&nbsp;<\/p>\n<p><a href=\"https:\/\/play.google.com\/store\/apps\/details?id=com.easysanta.easysantaANDROID07021966\" target=\"_blank\"><img loading=\"lazy\" decoding=\"async\" class=\"aligncenter wp-image-143 size-medium\" src=\"http:\/\/www.easysanta.com\/easy_santa_web\/wp-content\/uploads\/2017\/02\/Google-Play-300x89.png\" width=\"300\" height=\"89\" srcset=\"http:\/\/www.easysanta.com\/easy_santa_web\/wp-content\/uploads\/2017\/02\/Google-Play-300x89.png 300w, http:\/\/www.easysanta.com\/easy_santa_web\/wp-content\/uploads\/2017\/02\/Google-Play.png 413w\" sizes=\"auto, (max-width: 300px) 100vw, 300px\" \/><\/a><\/p>\n","protected":false},"excerpt":{"rendered":"<p>Easy Santa para Android est\u00e1 disponible en versi\u00f3n gratuita. Al ser una versi\u00f3n gratuita, insertamos publicidad en la misma pero, en cualquier momento, puedes realizar una aportaci\u00f3n econ\u00f3mica y eliminaremos la publicidad en tu&#46;&#46;&#46;<\/p>\n","protected":false},"author":1,"featured_media":240,"parent":0,"menu_order":0,"comment_status":"closed","ping_status":"closed","template":"templates\/full-width-page.php","meta":{"_exactmetrics_skip_tracking":false,"_exactmetrics_sitenote_active":false,"_exactmetrics_sitenote_note":"","_exactmetrics_sitenote_category":0,"footnotes":""},"class_list":["post-70","page","type-page","status-publish","has-post-thumbnail","hentry"],"yoast_head":"<!-- This site is optimized with the Yoast SEO plugin v27.4 - https:\/\/yoast.com\/product\/yoast-seo-wordpress\/ -->\n<title>Android - Amigos invisibles - Easy Secret Santa<\/title>\n<meta name=\"robots\" content=\"index, follow, max-snippet:-1, max-image-preview:large, max-video-preview:-1\" \/>\n<link rel=\"canonical\" href=\"http:\/\/www.easysanta.com\/easy_santa_web\/es\/android\/\" \/>\n<meta property=\"og:locale\" content=\"es_ES\" \/>\n<meta property=\"og:type\" content=\"article\" \/>\n<meta property=\"og:title\" content=\"Android - Amigos invisibles - Easy Secret Santa\" \/>\n<meta property=\"og:description\" content=\"Easy Santa para Android est\u00e1 disponible en versi\u00f3n gratuita. Al ser una versi\u00f3n gratuita, insertamos publicidad en la misma pero, en cualquier momento, puedes realizar una aportaci\u00f3n econ\u00f3mica y eliminaremos la publicidad en tu&#046;&#046;&#046;\" \/>\n<meta property=\"og:url\" content=\"http:\/\/www.easysanta.com\/easy_santa_web\/es\/android\/\" \/>\n<meta property=\"og:site_name\" content=\"Amigos invisibles - Easy Secret Santa\" \/>\n<meta property=\"article:publisher\" content=\"https:\/\/www.facebook.com\/easysanta\/\" \/>\n<meta property=\"article:modified_time\" content=\"2017-04-08T20:56:45+00:00\" \/>\n<meta property=\"og:image\" content=\"http:\/\/www.easysanta.com\/easy_santa_web\/wp-content\/uploads\/2017\/02\/Samsung-S6-Portada-Android-Color-de-fondo-verde.jpg\" \/>\n\t<meta property=\"og:image:width\" content=\"2000\" \/>\n\t<meta property=\"og:image:height\" content=\"591\" \/>\n\t<meta property=\"og:image:type\" content=\"image\/jpeg\" \/>\n<meta name=\"twitter:card\" content=\"summary_large_image\" \/>\n<meta name=\"twitter:site\" content=\"@easysanta\" \/>\n<script type=\"application\/ld+json\" class=\"yoast-schema-graph\">{\"@context\":\"https:\\\/\\\/schema.org\",\"@graph\":[{\"@type\":\"WebPage\",\"@id\":\"http:\\\/\\\/www.easysanta.com\\\/easy_santa_web\\\/es\\\/android\\\/\",\"url\":\"http:\\\/\\\/www.easysanta.com\\\/easy_santa_web\\\/es\\\/android\\\/\",\"name\":\"Android - Amigos invisibles - Easy Secret Santa\",\"isPartOf\":{\"@id\":\"http:\\\/\\\/www.easysanta.com\\\/easy_santa_web\\\/#website\"},\"primaryImageOfPage\":{\"@id\":\"http:\\\/\\\/www.easysanta.com\\\/easy_santa_web\\\/es\\\/android\\\/#primaryimage\"},\"image\":{\"@id\":\"http:\\\/\\\/www.easysanta.com\\\/easy_santa_web\\\/es\\\/android\\\/#primaryimage\"},\"thumbnailUrl\":\"http:\\\/\\\/www.easysanta.com\\\/easy_santa_web\\\/wp-content\\\/uploads\\\/2017\\\/02\\\/Samsung-S6-Portada-Android-Color-de-fondo-verde.jpg\",\"datePublished\":\"2017-02-23T17:22:26+00:00\",\"dateModified\":\"2017-04-08T20:56:45+00:00\",\"breadcrumb\":{\"@id\":\"http:\\\/\\\/www.easysanta.com\\\/easy_santa_web\\\/es\\\/android\\\/#breadcrumb\"},\"inLanguage\":\"es\",\"potentialAction\":[{\"@type\":\"ReadAction\",\"target\":[\"http:\\\/\\\/www.easysanta.com\\\/easy_santa_web\\\/es\\\/android\\\/\"]}]},{\"@type\":\"ImageObject\",\"inLanguage\":\"es\",\"@id\":\"http:\\\/\\\/www.easysanta.com\\\/easy_santa_web\\\/es\\\/android\\\/#primaryimage\",\"url\":\"http:\\\/\\\/www.easysanta.com\\\/easy_santa_web\\\/wp-content\\\/uploads\\\/2017\\\/02\\\/Samsung-S6-Portada-Android-Color-de-fondo-verde.jpg\",\"contentUrl\":\"http:\\\/\\\/www.easysanta.com\\\/easy_santa_web\\\/wp-content\\\/uploads\\\/2017\\\/02\\\/Samsung-S6-Portada-Android-Color-de-fondo-verde.jpg\",\"width\":2000,\"height\":591},{\"@type\":\"BreadcrumbList\",\"@id\":\"http:\\\/\\\/www.easysanta.com\\\/easy_santa_web\\\/es\\\/android\\\/#breadcrumb\",\"itemListElement\":[{\"@type\":\"ListItem\",\"position\":1,\"name\":\"Portada\",\"item\":\"https:\\\/\\\/www.easysanta.com\\\/easy_santa_web\\\/es\\\/easy-santa-sorteos-amigos-invisibles-navidad\\\/\"},{\"@type\":\"ListItem\",\"position\":2,\"name\":\"Android\"}]},{\"@type\":\"WebSite\",\"@id\":\"http:\\\/\\\/www.easysanta.com\\\/easy_santa_web\\\/#website\",\"url\":\"http:\\\/\\\/www.easysanta.com\\\/easy_santa_web\\\/\",\"name\":\"Amigos invisibles - Easy Secret Santa\",\"description\":\"La App de los Amigos Invisibles o Amigos Secretos\",\"publisher\":{\"@id\":\"http:\\\/\\\/www.easysanta.com\\\/easy_santa_web\\\/#organization\"},\"potentialAction\":[{\"@type\":\"SearchAction\",\"target\":{\"@type\":\"EntryPoint\",\"urlTemplate\":\"http:\\\/\\\/www.easysanta.com\\\/easy_santa_web\\\/?s={search_term_string}\"},\"query-input\":{\"@type\":\"PropertyValueSpecification\",\"valueRequired\":true,\"valueName\":\"search_term_string\"}}],\"inLanguage\":\"es\"},{\"@type\":\"Organization\",\"@id\":\"http:\\\/\\\/www.easysanta.com\\\/easy_santa_web\\\/#organization\",\"name\":\"Easy Santa\",\"url\":\"http:\\\/\\\/www.easysanta.com\\\/easy_santa_web\\\/\",\"logo\":{\"@type\":\"ImageObject\",\"inLanguage\":\"es\",\"@id\":\"http:\\\/\\\/www.easysanta.com\\\/easy_santa_web\\\/#\\\/schema\\\/logo\\\/image\\\/\",\"url\":\"http:\\\/\\\/www.easysanta.com\\\/easy_santa_web\\\/wp-content\\\/uploads\\\/2017\\\/02\\\/easysanta-logo-con-letras-carita-verde-tama\u00f1o-reducido.png\",\"contentUrl\":\"http:\\\/\\\/www.easysanta.com\\\/easy_santa_web\\\/wp-content\\\/uploads\\\/2017\\\/02\\\/easysanta-logo-con-letras-carita-verde-tama\u00f1o-reducido.png\",\"width\":631,\"height\":256,\"caption\":\"Easy Santa\"},\"image\":{\"@id\":\"http:\\\/\\\/www.easysanta.com\\\/easy_santa_web\\\/#\\\/schema\\\/logo\\\/image\\\/\"},\"sameAs\":[\"https:\\\/\\\/www.facebook.com\\\/easysanta\\\/\",\"https:\\\/\\\/x.com\\\/easysanta\",\"https:\\\/\\\/www.youtube.com\\\/channel\\\/UC15F1jox2KI8B_Sh3PASdsA\"]}]}<\/script>\n<!-- \/ Yoast SEO plugin. -->","yoast_head_json":{"title":"Android - Amigos invisibles - Easy Secret Santa","robots":{"index":"index","follow":"follow","max-snippet":"max-snippet:-1","max-image-preview":"max-image-preview:large","max-video-preview":"max-video-preview:-1"},"canonical":"http:\/\/www.easysanta.com\/easy_santa_web\/es\/android\/","og_locale":"es_ES","og_type":"article","og_title":"Android - Amigos invisibles - Easy Secret Santa","og_description":"Easy Santa para Android est\u00e1 disponible en versi\u00f3n gratuita. Al ser una versi\u00f3n gratuita, insertamos publicidad en la misma pero, en cualquier momento, puedes realizar una aportaci\u00f3n econ\u00f3mica y eliminaremos la publicidad en tu&#46;&#46;&#46;","og_url":"http:\/\/www.easysanta.com\/easy_santa_web\/es\/android\/","og_site_name":"Amigos invisibles - Easy Secret Santa","article_publisher":"https:\/\/www.facebook.com\/easysanta\/","article_modified_time":"2017-04-08T20:56:45+00:00","og_image":[{"width":2000,"height":591,"url":"http:\/\/www.easysanta.com\/easy_santa_web\/wp-content\/uploads\/2017\/02\/Samsung-S6-Portada-Android-Color-de-fondo-verde.jpg","type":"image\/jpeg"}],"twitter_card":"summary_large_image","twitter_site":"@easysanta","schema":{"@context":"https:\/\/schema.org","@graph":[{"@type":"WebPage","@id":"http:\/\/www.easysanta.com\/easy_santa_web\/es\/android\/","url":"http:\/\/www.easysanta.com\/easy_santa_web\/es\/android\/","name":"Android - Amigos invisibles - Easy Secret Santa","isPartOf":{"@id":"http:\/\/www.easysanta.com\/easy_santa_web\/#website"},"primaryImageOfPage":{"@id":"http:\/\/www.easysanta.com\/easy_santa_web\/es\/android\/#primaryimage"},"image":{"@id":"http:\/\/www.easysanta.com\/easy_santa_web\/es\/android\/#primaryimage"},"thumbnailUrl":"http:\/\/www.easysanta.com\/easy_santa_web\/wp-content\/uploads\/2017\/02\/Samsung-S6-Portada-Android-Color-de-fondo-verde.jpg","datePublished":"2017-02-23T17:22:26+00:00","dateModified":"2017-04-08T20:56:45+00:00","breadcrumb":{"@id":"http:\/\/www.easysanta.com\/easy_santa_web\/es\/android\/#breadcrumb"},"inLanguage":"es","potentialAction":[{"@type":"ReadAction","target":["http:\/\/www.easysanta.com\/easy_santa_web\/es\/android\/"]}]},{"@type":"ImageObject","inLanguage":"es","@id":"http:\/\/www.easysanta.com\/easy_santa_web\/es\/android\/#primaryimage","url":"http:\/\/www.easysanta.com\/easy_santa_web\/wp-content\/uploads\/2017\/02\/Samsung-S6-Portada-Android-Color-de-fondo-verde.jpg","contentUrl":"http:\/\/www.easysanta.com\/easy_santa_web\/wp-content\/uploads\/2017\/02\/Samsung-S6-Portada-Android-Color-de-fondo-verde.jpg","width":2000,"height":591},{"@type":"BreadcrumbList","@id":"http:\/\/www.easysanta.com\/easy_santa_web\/es\/android\/#breadcrumb","itemListElement":[{"@type":"ListItem","position":1,"name":"Portada","item":"https:\/\/www.easysanta.com\/easy_santa_web\/es\/easy-santa-sorteos-amigos-invisibles-navidad\/"},{"@type":"ListItem","position":2,"name":"Android"}]},{"@type":"WebSite","@id":"http:\/\/www.easysanta.com\/easy_santa_web\/#website","url":"http:\/\/www.easysanta.com\/easy_santa_web\/","name":"Amigos invisibles - Easy Secret Santa","description":"La App de los Amigos Invisibles o Amigos Secretos","publisher":{"@id":"http:\/\/www.easysanta.com\/easy_santa_web\/#organization"},"potentialAction":[{"@type":"SearchAction","target":{"@type":"EntryPoint","urlTemplate":"http:\/\/www.easysanta.com\/easy_santa_web\/?s={search_term_string}"},"query-input":{"@type":"PropertyValueSpecification","valueRequired":true,"valueName":"search_term_string"}}],"inLanguage":"es"},{"@type":"Organization","@id":"http:\/\/www.easysanta.com\/easy_santa_web\/#organization","name":"Easy Santa","url":"http:\/\/www.easysanta.com\/easy_santa_web\/","logo":{"@type":"ImageObject","inLanguage":"es","@id":"http:\/\/www.easysanta.com\/easy_santa_web\/#\/schema\/logo\/image\/","url":"http:\/\/www.easysanta.com\/easy_santa_web\/wp-content\/uploads\/2017\/02\/easysanta-logo-con-letras-carita-verde-tama\u00f1o-reducido.png","contentUrl":"http:\/\/www.easysanta.com\/easy_santa_web\/wp-content\/uploads\/2017\/02\/easysanta-logo-con-letras-carita-verde-tama\u00f1o-reducido.png","width":631,"height":256,"caption":"Easy Santa"},"image":{"@id":"http:\/\/www.easysanta.com\/easy_santa_web\/#\/schema\/logo\/image\/"},"sameAs":["https:\/\/www.facebook.com\/easysanta\/","https:\/\/x.com\/easysanta","https:\/\/www.youtube.com\/channel\/UC15F1jox2KI8B_Sh3PASdsA"]}]}},"jetpack_likes_enabled":true,"jetpack_sharing_enabled":true,"_links":{"self":[{"href":"http:\/\/www.easysanta.com\/easy_santa_web\/wp-json\/wp\/v2\/pages\/70","targetHints":{"allow":["GET"]}}],"collection":[{"href":"http:\/\/www.easysanta.com\/easy_santa_web\/wp-json\/wp\/v2\/pages"}],"about":[{"href":"http:\/\/www.easysanta.com\/easy_santa_web\/wp-json\/wp\/v2\/types\/page"}],"author":[{"embeddable":true,"href":"http:\/\/www.easysanta.com\/easy_santa_web\/wp-json\/wp\/v2\/users\/1"}],"replies":[{"embeddable":true,"href":"http:\/\/www.easysanta.com\/easy_santa_web\/wp-json\/wp\/v2\/comments?post=70"}],"version-history":[{"count":18,"href":"http:\/\/www.easysanta.com\/easy_santa_web\/wp-json\/wp\/v2\/pages\/70\/revisions"}],"predecessor-version":[{"id":1292,"href":"http:\/\/www.easysanta.com\/easy_santa_web\/wp-json\/wp\/v2\/pages\/70\/revisions\/1292"}],"wp:featuredmedia":[{"embeddable":true,"href":"http:\/\/www.easysanta.com\/easy_santa_web\/wp-json\/wp\/v2\/media\/240"}],"wp:attachment":[{"href":"http:\/\/www.easysanta.com\/easy_santa_web\/wp-json\/wp\/v2\/media?parent=70"}],"curies":[{"name":"wp","href":"https:\/\/api.w.org\/{rel}","templated":true}]}}